{"id":49,"date":"2023-05-31T10:50:39","date_gmt":"2023-05-31T08:50:39","guid":{"rendered":"https:\/\/www.chateau.demonpere.com\/accueil\/"},"modified":"2025-07-28T16:47:17","modified_gmt":"2025-07-28T14:47:17","slug":"accueil","status":"publish","type":"page","link":"https:\/\/www.chateau.demonpere.com\/en\/","title":{"rendered":"Accueil"},"content":{"rendered":"\n<div id=\"block-hero-block_085f0d4c05b9414a0de92bfd634691ae\" class=\"block-hero\">\n\n\t<div class=\"hero-image\">\n\n\t\t\t\t\t<figure class=\"\">\n\t\t\t\t<img fetchpriority=\"high\" decoding=\"async\" width=\"1280\" height=\"720\" src=\"https:\/\/www.chateau.demonpere.com\/wp-content\/uploads\/2025\/07\/video-chateau-demonpere.jpg\" class=\"attachment-full size-full\" alt=\"\" loading=\"eager\" srcset=\"https:\/\/www.chateau.demonpere.com\/wp-content\/uploads\/2025\/07\/video-chateau-demonpere.jpg 1280w, https:\/\/www.chateau.demonpere.com\/wp-content\/uploads\/2025\/07\/video-chateau-demonpere-300x169.jpg 300w, https:\/\/www.chateau.demonpere.com\/wp-content\/uploads\/2025\/07\/video-chateau-demonpere-1024x576.jpg 1024w, https:\/\/www.chateau.demonpere.com\/wp-content\/uploads\/2025\/07\/video-chateau-demonpere-768x432.jpg 768w, https:\/\/www.chateau.demonpere.com\/wp-content\/uploads\/2025\/07\/video-chateau-demonpere-314x177.jpg 314w, https:\/\/www.chateau.demonpere.com\/wp-content\/uploads\/2025\/07\/video-chateau-demonpere-456x257.jpg 456w\" sizes=\"(max-width: 1280px) 100vw, 1280px\" \/>\t\t\t<\/figure>\n\t\t\n\n\t\t\n\t\t\t\n\t\t\t<div class=\"video-container\">\n\t\t\t\t<video id=\"Hero_Video\" loop=\"loop\" muted autoplay playsinline=\"\" poster=\"https:\/\/www.chateau.demonpere.com\/wp-content\/uploads\/2025\/07\/video-chateau-demonpere.jpg\">\n\t\t\t\t\t<source src=\"https:\/\/www.chateau.demonpere.com\/wp-content\/uploads\/2025\/07\/video-chateau-demonpere.mp4\">\n\t\t\t\t<\/video>\n\t\t\t<\/div>\n\n\t\t\n\t\t\t\t\t<h1 class=\"overflow-title screen-reader-text\">Ch\u00e2teau Demonp\u00e8re<\/h1>\n\t\t\n\t<\/div>\n\n\n\t\t\t<div class=\"inner-content\"> \n\t\t\t<div class=\"description\">Grands\u00a0vins bio des C\u00f4tes de Provence <br>et huile d\u2019olive bio du domaine<\/div>\n\t\t<\/div>\n\t\n\n<\/div>\n\n\n\n<div class=\"wp-block-group alignwide\"><div class=\"wp-block-group__inner-container is-layout-constrained wp-block-group-is-layout-constrained\">\n<div style=\"height:3rem\" aria-hidden=\"true\" class=\"wp-block-spacer\"><\/div>\n\n\n\n<h3 class=\"wp-block-heading has-text-align-center is-style-playfair-display has-xx-large-font-size\">Nous cultivons l\u2019authentique pour vous en offrir le meilleur<\/h3>\n\n\n\n<div style=\"height:1vw\" aria-hidden=\"true\" class=\"wp-block-spacer\"><\/div>\n\n\n\n<p class=\"has-text-align-center is-style-limited-width\">Le Ch\u00e2teau Demonp\u00e8re est le fruit de la rencontre entre un homme et une terre. <br>Une terre pour laquelle Yves Journel, propri\u00e9taire des lieux, a eu un v\u00e9ritable coup de foudre. <br>Il a imm\u00e9diatement saisi tout le potentiel que la propri\u00e9t\u00e9, alors nomm\u00e9e <br>\u00ab&nbsp;Domaine de la Pardigui\u00e8re&nbsp;\u00bb et cultiv\u00e9e depuis le XVe si\u00e8cle, pouvait offrir.<br>Aujourd\u2019hui, le Ch\u00e2teau Demonp\u00e8re vous propose des vins des C\u00f4tes de Provence uniques, certifi\u00e9s biologiques, largement r\u00e9compens\u00e9s lors de concours nationaux et internationaux. D\u00e9couvrez \u00e9galement les huiles d\u2019olive bio, issues des 2700 oliviers plant\u00e9s sur le domaine.<\/p>\n\n\n\n<div class=\"wp-block-buttons is-content-justification-center is-layout-flex wp-container-core-buttons-is-layout-16018d1d wp-block-buttons-is-layout-flex\">\n<div class=\"wp-block-button is-style-outline is-style-outline--1\"><a class=\"wp-block-button__link wp-element-button\" href=\"https:\/\/www.chateau.demonpere.com\/en\/the-estate\/\">Le domaine<\/a><\/div>\n\n\n\n<div class=\"wp-block-button is-style-fill\"><a class=\"wp-block-button__link wp-element-button\" href=\"https:\/\/www.chateau.demonpere.com\/en\/shop\/\">Notre boutique<\/a><\/div>\n<\/div>\n\n\n\n<div style=\"height:7vw\" aria-hidden=\"true\" class=\"wp-block-spacer\"><\/div>\n<\/div><\/div>\n\n\n\n<div class=\"wp-block-media-text alignfull is-stacked-on-mobile has-aqua-squeeze-background-color has-background\"><figure class=\"wp-block-media-text__media\"><img loading=\"lazy\" decoding=\"async\" width=\"968\" height=\"637\" src=\"https:\/\/www.chateau.demonpere.com\/wp-content\/uploads\/2023\/06\/nos-vins.jpg\" alt=\"\" class=\"wp-image-72 size-full\" srcset=\"https:\/\/www.chateau.demonpere.com\/wp-content\/uploads\/2023\/06\/nos-vins.jpg 968w, https:\/\/www.chateau.demonpere.com\/wp-content\/uploads\/2023\/06\/nos-vins-314x207.jpg 314w, https:\/\/www.chateau.demonpere.com\/wp-content\/uploads\/2023\/06\/nos-vins-456x300.jpg 456w, https:\/\/www.chateau.demonpere.com\/wp-content\/uploads\/2023\/06\/nos-vins-300x197.jpg 300w, https:\/\/www.chateau.demonpere.com\/wp-content\/uploads\/2023\/06\/nos-vins-768x505.jpg 768w\" sizes=\"auto, (max-width: 968px) 100vw, 968px\" \/><\/figure><div class=\"wp-block-media-text__content\">\n<p class=\"has-text-align-left has-xx-large-font-size\" style=\"font-style:normal;font-weight:600\">Les vins<\/p>\n\n\n\n<div class=\"wp-block-group title-deco-1\"><div class=\"wp-block-group__inner-container is-layout-constrained wp-block-group-is-layout-constrained\">\n<p class=\"has-text-align-left\">Nos vins<\/p>\n<\/div><\/div>\n\n\n\n<h2 class=\"wp-block-heading is-style-playfair-display has-semi-huge-font-size\">Le go\u00fbt de l\u2019authentique<\/h2>\n\n\n\n<p class=\"is-style-left-margin\">C\u00f4tes de Provence A.O.P., ros\u00e9, rouge ou blanc\u2026 <br>Le Ch\u00e2teau Demonp\u00e8re vous propose de d\u00e9guster une gamme de vins authentiques, certifi\u00e9s biologiques et largement r\u00e9compens\u00e9s.<\/p>\n\n\n\n<div class=\"wp-block-buttons is-layout-flex wp-block-buttons-is-layout-flex\">\n<div class=\"wp-block-button\"><a class=\"wp-block-button__link wp-element-button\" href=\"https:\/\/www.chateau.demonpere.com\/en\/our-wine\/\">D\u00e9couvrir<\/a><\/div>\n<\/div>\n<\/div><\/div>\n\n\n\n<div class=\"wp-block-media-text alignfull has-media-on-the-right is-stacked-on-mobile olivier-bg-1 has-blue-smoke-background-color has-background\"><div class=\"wp-block-media-text__content\">\n<p class=\"has-white-color has-text-color has-xx-large-font-size\" style=\"font-style:normal;font-weight:600\">Les huiles d\u2019olive<\/p>\n\n\n\n<div class=\"wp-block-group title-deco-2\"><div class=\"wp-block-group__inner-container is-layout-constrained wp-block-group-is-layout-constrained\">\n<p>Huiles d&#8217;olive<\/p>\n<\/div><\/div>\n\n\n\n<h2 class=\"wp-block-heading is-style-playfair-display has-white-color has-text-color has-semi-huge-font-size\">Une production de notre terroir<\/h2>\n\n\n\n<p class=\"is-style-left-margin has-white-color has-text-color\">Go\u00fbtez le fruit de nos oliveraies cultiv\u00e9es en&nbsp;agriculture biologique, sans herbicide, pesticide ou engrais de synth\u00e8se. Une longue tradition de l\u2019huile d\u2019olive, produite sur les terres du Ch\u00e2teau Demonp\u00e8re.<\/p>\n\n\n\n<div class=\"wp-block-buttons is-layout-flex wp-block-buttons-is-layout-flex\">\n<div class=\"wp-block-button\"><a class=\"wp-block-button__link wp-element-button\" href=\"https:\/\/www.chateau.demonpere.com\/en\/our-olive-oils\/\">D\u00e9couvrir<\/a><\/div>\n<\/div>\n<\/div><figure class=\"wp-block-media-text__media\"><img loading=\"lazy\" decoding=\"async\" width=\"997\" height=\"613\" src=\"https:\/\/www.chateau.demonpere.com\/wp-content\/uploads\/2023\/06\/nos-huiles-olive.jpg\" alt=\"\" class=\"wp-image-103 size-full\" srcset=\"https:\/\/www.chateau.demonpere.com\/wp-content\/uploads\/2023\/06\/nos-huiles-olive.jpg 997w, https:\/\/www.chateau.demonpere.com\/wp-content\/uploads\/2023\/06\/nos-huiles-olive-314x193.jpg 314w, https:\/\/www.chateau.demonpere.com\/wp-content\/uploads\/2023\/06\/nos-huiles-olive-456x280.jpg 456w, https:\/\/www.chateau.demonpere.com\/wp-content\/uploads\/2023\/06\/nos-huiles-olive-300x184.jpg 300w, https:\/\/www.chateau.demonpere.com\/wp-content\/uploads\/2023\/06\/nos-huiles-olive-768x472.jpg 768w\" sizes=\"auto, (max-width: 997px) 100vw, 997px\" \/><\/figure><\/div>\n\n\n\n<div class=\"wp-block-group alignwide\"><div class=\"wp-block-group__inner-container is-layout-constrained wp-block-group-is-layout-constrained\">\n<div style=\"height:5vw\" aria-hidden=\"true\" class=\"wp-block-spacer\"><\/div>\n\n\n\n<h2 class=\"wp-block-heading mb-0 has-xx-large-font-size\" style=\"font-style:normal;font-weight:600\">Nouveaux produits<\/h2>\n\n\n\n<p class=\"is-style-playfair-display line-height-1 has-xx-large-font-size\">Les vins<\/p>\n\n\n<div class=\"woocommerce columns-3 \"><ul class=\"products columns-3\">\n<li class=\"product type-product post-2800 status-publish first instock product_cat-a-o-p-cote-de-provence-rose-en product_cat-wines has-post-thumbnail featured taxable shipping-taxable purchasable product-type-variable\">\n\t<a href=\"https:\/\/www.chateau.demonpere.com\/en\/product\/chateau-demonpere-rose-cuvee-prestige-a-o-p-cotes-de-provence-2025\/\" class=\"woocommerce-LoopProduct-link woocommerce-loop-product__link\">\n\t\t<div class=\"loop-product-thumbnail-container\">\n\n\t\t\t<img loading=\"lazy\" decoding=\"async\" width=\"314\" height=\"471\" src=\"https:\/\/www.chateau.demonpere.com\/wp-content\/uploads\/2026\/03\/Ch-Rose-2025-314x471.jpg\" class=\"attachment-woocommerce_thumbnail size-woocommerce_thumbnail\" alt=\"Ch\u00e2teau Demonp\u00e8re - Ros\u00e9 Cuv\u00e9e Prestige - P.D.O. C\u00f4tes de Provence - 2025\" srcset=\"https:\/\/www.chateau.demonpere.com\/wp-content\/uploads\/2026\/03\/Ch-Rose-2025-314x471.jpg 314w, https:\/\/www.chateau.demonpere.com\/wp-content\/uploads\/2026\/03\/Ch-Rose-2025-200x300.jpg 200w, https:\/\/www.chateau.demonpere.com\/wp-content\/uploads\/2026\/03\/Ch-Rose-2025-683x1024.jpg 683w, https:\/\/www.chateau.demonpere.com\/wp-content\/uploads\/2026\/03\/Ch-Rose-2025-768x1151.jpg 768w, https:\/\/www.chateau.demonpere.com\/wp-content\/uploads\/2026\/03\/Ch-Rose-2025-1025x1536.jpg 1025w, https:\/\/www.chateau.demonpere.com\/wp-content\/uploads\/2026\/03\/Ch-Rose-2025-1366x2048.jpg 1366w, https:\/\/www.chateau.demonpere.com\/wp-content\/uploads\/2026\/03\/Ch-Rose-2025-456x684.jpg 456w\" sizes=\"auto, (max-width: 314px) 100vw, 314px\" \/>\n\t\t\t<div class=\"loop-product-tags\">\n\n\t\t\t\t\n\t\t\t<\/div>\n\n\t\t<\/div>\n\t\t<h2 class=\"woocommerce-loop-product__title\">Ch\u00e2teau Demonp\u00e8re &#8211; Ros\u00e9 Cuv\u00e9e Prestige &#8211; P.D.O. C\u00f4tes de Provence &#8211; 2025<\/h2>\n\t<span class=\"price\"><span class=\"woocommerce-Price-amount amount\"><bdi>13,50&nbsp;<span class=\"woocommerce-Price-currencySymbol\">&euro;<\/span><\/bdi><\/span> <small class=\"woocommerce-price-suffix\">TTC<\/small><\/span>\n<\/a><\/li>\n<li class=\"product type-product post-2783 status-publish instock product_cat-a-o-p-cote-de-provence-rouge-en product_cat-wines has-post-thumbnail featured taxable shipping-taxable purchasable product-type-variable has-default-attributes\">\n\t<a href=\"https:\/\/www.chateau.demonpere.com\/en\/product\/chateau-demonpere-red-cuvee-prestige-a-o-p-cotes-de-provence-2023\/\" class=\"woocommerce-LoopProduct-link woocommerce-loop-product__link\">\n\t\t<div class=\"loop-product-thumbnail-container\">\n\n\t\t\t<img loading=\"lazy\" decoding=\"async\" width=\"314\" height=\"471\" src=\"https:\/\/www.chateau.demonpere.com\/wp-content\/uploads\/2026\/03\/Ch-Rouge-2024-314x471.jpg\" class=\"attachment-woocommerce_thumbnail size-woocommerce_thumbnail\" alt=\"Ch\u00e2teau Demonp\u00e8re \u2013 Red Cuv\u00e9e Prestige \u2013 P.D.O. C\u00f4tes de Provence \u2013 2023\" srcset=\"https:\/\/www.chateau.demonpere.com\/wp-content\/uploads\/2026\/03\/Ch-Rouge-2024-314x471.jpg 314w, https:\/\/www.chateau.demonpere.com\/wp-content\/uploads\/2026\/03\/Ch-Rouge-2024-200x300.jpg 200w, https:\/\/www.chateau.demonpere.com\/wp-content\/uploads\/2026\/03\/Ch-Rouge-2024-683x1024.jpg 683w, https:\/\/www.chateau.demonpere.com\/wp-content\/uploads\/2026\/03\/Ch-Rouge-2024-768x1151.jpg 768w, https:\/\/www.chateau.demonpere.com\/wp-content\/uploads\/2026\/03\/Ch-Rouge-2024-1025x1536.jpg 1025w, https:\/\/www.chateau.demonpere.com\/wp-content\/uploads\/2026\/03\/Ch-Rouge-2024-1366x2048.jpg 1366w, https:\/\/www.chateau.demonpere.com\/wp-content\/uploads\/2026\/03\/Ch-Rouge-2024-456x684.jpg 456w\" sizes=\"auto, (max-width: 314px) 100vw, 314px\" \/>\n\t\t\t<div class=\"loop-product-tags\">\n\n\t\t\t\t\n\t\t\t<\/div>\n\n\t\t<\/div>\n\t\t<h2 class=\"woocommerce-loop-product__title\">Ch\u00e2teau Demonp\u00e8re \u2013 Red Cuv\u00e9e Prestige \u2013 P.D.O. C\u00f4tes de Provence \u2013 2023<\/h2>\n\t<span class=\"price\"><span class=\"woocommerce-Price-amount amount\"><bdi>15,00&nbsp;<span class=\"woocommerce-Price-currencySymbol\">&euro;<\/span><\/bdi><\/span> <small class=\"woocommerce-price-suffix\">TTC<\/small><\/span>\n<\/a><\/li>\n<li class=\"product type-product post-2770 status-publish last instock product_cat-a-o-p-cote-de-provence-blanc-en product_cat-wines has-post-thumbnail featured taxable shipping-taxable purchasable product-type-variable\">\n\t<a href=\"https:\/\/www.chateau.demonpere.com\/en\/product\/chateau-demonpere-white-cuvee-prestige-a-o-p-cotes-de-provence-2024\/\" class=\"woocommerce-LoopProduct-link woocommerce-loop-product__link\">\n\t\t<div class=\"loop-product-thumbnail-container\">\n\n\t\t\t<img loading=\"lazy\" decoding=\"async\" width=\"314\" height=\"471\" src=\"https:\/\/www.chateau.demonpere.com\/wp-content\/uploads\/2023\/07\/blanc-sans-millesime-75cl-1-scaled-314x471.jpg\" class=\"attachment-woocommerce_thumbnail size-woocommerce_thumbnail\" alt=\"Ch\u00e2teau Demonp\u00e8re \u2013 White Cuv\u00e9e Prestige \u2013 P.D.O. C\u00f4tes de Provence \u2013 2024\" srcset=\"https:\/\/www.chateau.demonpere.com\/wp-content\/uploads\/2023\/07\/blanc-sans-millesime-75cl-1-scaled-314x471.jpg 314w, https:\/\/www.chateau.demonpere.com\/wp-content\/uploads\/2023\/07\/blanc-sans-millesime-75cl-1-scaled-456x684.jpg 456w, https:\/\/www.chateau.demonpere.com\/wp-content\/uploads\/2023\/07\/blanc-sans-millesime-75cl-1-200x300.jpg 200w, https:\/\/www.chateau.demonpere.com\/wp-content\/uploads\/2023\/07\/blanc-sans-millesime-75cl-1-683x1024.jpg 683w, https:\/\/www.chateau.demonpere.com\/wp-content\/uploads\/2023\/07\/blanc-sans-millesime-75cl-1-768x1152.jpg 768w, https:\/\/www.chateau.demonpere.com\/wp-content\/uploads\/2023\/07\/blanc-sans-millesime-75cl-1-1024x1536.jpg 1024w, https:\/\/www.chateau.demonpere.com\/wp-content\/uploads\/2023\/07\/blanc-sans-millesime-75cl-1-1365x2048.jpg 1365w, https:\/\/www.chateau.demonpere.com\/wp-content\/uploads\/2023\/07\/blanc-sans-millesime-75cl-1-scaled.jpg 1707w\" sizes=\"auto, (max-width: 314px) 100vw, 314px\" \/>\n\t\t\t<div class=\"loop-product-tags\">\n\n\t\t\t\t\n\t\t\t<\/div>\n\n\t\t<\/div>\n\t\t<h2 class=\"woocommerce-loop-product__title\">Ch\u00e2teau Demonp\u00e8re \u2013 White Cuv\u00e9e Prestige \u2013 P.D.O. C\u00f4tes de Provence \u2013 2024<\/h2>\n\t<span class=\"price\"><span class=\"woocommerce-Price-amount amount\"><bdi>14,00&nbsp;<span class=\"woocommerce-Price-currencySymbol\">&euro;<\/span><\/bdi><\/span> <small class=\"woocommerce-price-suffix\">TTC<\/small><\/span>\n<\/a><\/li>\n<\/ul>\n<\/div>\n\n\n\n<div class=\"wp-block-buttons is-content-justification-center is-layout-flex wp-container-core-buttons-is-layout-16018d1d wp-block-buttons-is-layout-flex\">\n<div class=\"wp-block-button\"><a class=\"wp-block-button__link wp-element-button\" href=\"https:\/\/www.chateau.demonpere.com\/en\/product-category\/wines\/\">Voir tous les vins<\/a><\/div>\n<\/div>\n\n\n\n<div id=\"block-reassurance-block_df8c0e6e130b46e4c94dd83603037aa8\" class=\"block-reassurance alignwide \">\n\n\t\n\n\n\t<ul class=\"reassurance\">\n\n\t\t\n\t\t\t<li>\n\n\t\t\t\t\t\t\t\t\t<figure class=\"\">\n\t\t\t\t\t\t<img loading=\"lazy\" decoding=\"async\" width=\"25\" height=\"60\" src=\"https:\/\/www.chateau.demonpere.com\/wp-content\/uploads\/2023\/12\/vente-directe.png\" class=\"attachment-large size-large\" alt=\"\" \/>\t\t\t\t\t<\/figure>\n\t\t\t\t\n\t\t\t\t\t\t\t\t\t<span class=\"title\">Direct sale<br>\r\nfrom the producer<\/span>\n\t\t\t\t\n\t\t\t<\/li>\n\t\t\t\n\t\t\n\t\t\t<li>\n\n\t\t\t\t\t\t\t\t\t<figure class=\"\">\n\t\t\t\t\t\t<img loading=\"lazy\" decoding=\"async\" width=\"58\" height=\"44\" src=\"https:\/\/www.chateau.demonpere.com\/wp-content\/uploads\/2023\/12\/livraison-rapide.png\" class=\"attachment-large size-large\" alt=\"\" \/>\t\t\t\t\t<\/figure>\n\t\t\t\t\n\t\t\t\t\t\t\t\t\t<span class=\"title\">FAST delivery<br>\r\nFrom 2 to 7 days max.<\/span>\n\t\t\t\t\n\t\t\t<\/li>\n\t\t\t\n\t\t\n\t\t\t<li>\n\n\t\t\t\t\t\t\t\t\t<figure class=\"\">\n\t\t\t\t\t\t<img loading=\"lazy\" decoding=\"async\" width=\"40\" height=\"45\" src=\"https:\/\/www.chateau.demonpere.com\/wp-content\/uploads\/2023\/12\/paiement-securise.png\" class=\"attachment-large size-large\" alt=\"\" \/>\t\t\t\t\t<\/figure>\n\t\t\t\t\n\t\t\t\t\t\t\t\t\t<span class=\"title\">SECURE PAYMENT<br>\r\nCB, Mastercard and Visa<\/span>\n\t\t\t\t\n\t\t\t<\/li>\n\t\t\t\n\t\t\n\t<\/ul>\n\n\n<\/div>\n\n\n\n<div style=\"height:5vw\" aria-hidden=\"true\" class=\"wp-block-spacer\"><\/div>\n<\/div><\/div>\n\n\n\n<div class=\"wp-block-media-text alignfull is-stacked-on-mobile has-aqua-squeeze-background-color has-background\"><figure class=\"wp-block-media-text__media\"><img loading=\"lazy\" decoding=\"async\" width=\"1024\" height=\"630\" src=\"https:\/\/www.chateau.demonpere.com\/wp-content\/uploads\/2023\/06\/activites-1024x630.jpg\" alt=\"\" class=\"wp-image-107 size-full\" srcset=\"https:\/\/www.chateau.demonpere.com\/wp-content\/uploads\/2023\/06\/activites-1024x630.jpg 1024w, https:\/\/www.chateau.demonpere.com\/wp-content\/uploads\/2023\/06\/activites-314x193.jpg 314w, https:\/\/www.chateau.demonpere.com\/wp-content\/uploads\/2023\/06\/activites-456x280.jpg 456w, https:\/\/www.chateau.demonpere.com\/wp-content\/uploads\/2023\/06\/activites-300x185.jpg 300w, https:\/\/www.chateau.demonpere.com\/wp-content\/uploads\/2023\/06\/activites-768x472.jpg 768w, https:\/\/www.chateau.demonpere.com\/wp-content\/uploads\/2023\/06\/activites.jpg 1078w\" sizes=\"auto, (max-width: 1024px) 100vw, 1024px\" \/><\/figure><div class=\"wp-block-media-text__content\">\n<div class=\"wp-block-group title-deco-3\"><div class=\"wp-block-group__inner-container is-layout-constrained wp-block-group-is-layout-constrained\">\n<p>Nos activit\u00e9s<\/p>\n<\/div><\/div>\n\n\n\n<h2 class=\"wp-block-heading is-style-playfair-display has-semi-huge-font-size\">Plongez dans l\u2019histoire du Ch\u00e2teau Demonp\u00e8re<\/h2>\n\n\n\n<p class=\"is-style-left-margin\">D\u00e9couvrez la tradition de notre terre travaill\u00e9e depuis le XVe si\u00e8cle au Luc-en-Provence. <br>149 hectares de vignes et d\u2019oliveraies font battre le c\u0153ur de notre propri\u00e9t\u00e9.<\/p>\n\n\n\n<div class=\"wp-block-buttons is-layout-flex wp-block-buttons-is-layout-flex\">\n<div class=\"wp-block-button\"><a class=\"wp-block-button__link wp-element-button\" href=\"https:\/\/www.chateau.demonpere.com\/en\/the-estate\/\">Le domaine<\/a><\/div>\n<\/div>\n<\/div><\/div>\n\n\n\n<div class=\"wp-block-group d-none has-aqua-squeeze-background-color has-background\"><div class=\"wp-block-group__inner-container is-layout-constrained wp-block-group-is-layout-constrained\">\n<figure class=\"wp-block-pullquote has-white-smoke-background-color has-background\"><blockquote><p>Ne manquez rien du Chateau Demonp\u00e8re<\/p><\/blockquote><\/figure>\n<\/div><\/div>\n\n\n\n<div class=\"wp-block-group d-none\"><div class=\"wp-block-group__inner-container is-layout-constrained wp-block-group-is-layout-constrained\">\n<div id=\"block-latest-posts-block_60437553b44b2e4b1dfb8388ad985d08\" class=\"block-latest-posts alignwide\">\n\n\t\n<\/div>\n<\/div><\/div>\n\n\n\n<div style=\"height:3vw\" aria-hidden=\"true\" class=\"wp-block-spacer\"><\/div>\n","protected":false},"excerpt":{"rendered":"<p>Nous cultivons l\u2019authentique pour vous en offrir le meilleur Le Ch\u00e2teau Demonp\u00e8re est le fruit de la rencontre entre un homme et une terre. Une terre pour laquelle Yves Journel, propri\u00e9taire des lieux, a eu un v\u00e9ritable coup de foudre. Il a imm\u00e9diatement saisi tout le potentiel que la propri\u00e9t\u00e9, alors nomm\u00e9e \u00ab&nbsp;Domaine de la [&hellip;]<\/p>\n","protected":false},"author":1,"featured_media":0,"parent":0,"menu_order":0,"comment_status":"closed","ping_status":"closed","template":"","meta":{"_acf_changed":false,"_seopress_robots_primary_cat":"","_seopress_titles_title":"","_seopress_titles_desc":"","_seopress_robots_index":"","inline_featured_image":false,"footnotes":""},"class_list":["post-49","page","type-page","status-publish","hentry"],"acf":[],"_links":{"self":[{"href":"https:\/\/www.chateau.demonpere.com\/en\/wp-json\/wp\/v2\/pages\/49","targetHints":{"allow":["GET"]}}],"collection":[{"href":"https:\/\/www.chateau.demonpere.com\/en\/wp-json\/wp\/v2\/pages"}],"about":[{"href":"https:\/\/www.chateau.demonpere.com\/en\/wp-json\/wp\/v2\/types\/page"}],"author":[{"embeddable":true,"href":"https:\/\/www.chateau.demonpere.com\/en\/wp-json\/wp\/v2\/users\/1"}],"replies":[{"embeddable":true,"href":"https:\/\/www.chateau.demonpere.com\/en\/wp-json\/wp\/v2\/comments?post=49"}],"version-history":[{"count":5,"href":"https:\/\/www.chateau.demonpere.com\/en\/wp-json\/wp\/v2\/pages\/49\/revisions"}],"predecessor-version":[{"id":4430,"href":"https:\/\/www.chateau.demonpere.com\/en\/wp-json\/wp\/v2\/pages\/49\/revisions\/4430"}],"wp:attachment":[{"href":"https:\/\/www.chateau.demonpere.com\/en\/wp-json\/wp\/v2\/media?parent=49"}],"curies":[{"name":"wp","href":"https:\/\/api.w.org\/{rel}","templated":true}]}}