{"id":722,"date":"2023-06-26T10:15:42","date_gmt":"2023-06-26T08:15:42","guid":{"rendered":"https:\/\/www.chateau.demonpere.com\/conditions-generales-de-vente\/"},"modified":"2024-07-02T10:29:04","modified_gmt":"2024-07-02T08:29:04","slug":"terms-of-sale","status":"publish","type":"page","link":"https:\/\/www.chateau.demonpere.com\/en\/terms-of-sale\/","title":{"rendered":"Terms of sale"},"content":{"rendered":"\n<h1 class=\"wp-block-heading\">Terms of sale<\/h1>\n\n\n\n<h2 class=\"wp-block-heading\">Preamble<\/h2>\n\n\n\n<p>These Terms of Sale are agreed between, firstly<\/p>\n\n\n\n<ul class=\"wp-block-list\">\n<li>The Ch\u00e2teau Demonp\u00e8re SAS Company, hereinafter Ch\u00e2teau Demonp\u00e8re, a simplified joint-stock company with a capital of \u20ac4,550,000 and headquartered at Luc en Provence, La Pardigui\u00e8re, Route des Mayons, registered in the Draguignan Trade and Companies Registry under number 533 060 885, and secondly,<\/li>\n\n\n\n<li>Any natural or legal person wishing to make a purchase on the www.chateau.demonpere.com website, which is managed by Ch\u00e2teau Demonp\u00e8re SAS, hereinafter referred to as \u201cCustomer.\u201d<\/li>\n<\/ul>\n\n\n\n<h2 class=\"wp-block-heading\">Article 1: Purpose<\/h2>\n\n\n\n<p>These Terms of Sale are to define the rights and obligations of the buyer related to the products sold in the www.chateau.demonpere.com online catalogue, access to which is free and open to all Internet users. In case of an effective order, the contract falls within the regulations of distance selling and is subject to French law (particularly to Articles L121-16 to L121-20 of the Consumer Code).<\/p>\n\n\n\n<p>The products and prices on the www.chateau.demonpere.com website are only valid once they are visible on the website, subject to availability. Ch\u00e2teau Demonp\u00e8re SAS may change these Terms of Sale at any time, subject to making these changes visible on the www.chateau.demonpere.com website. In this case, the applicable terms are those in effect on the buyer&#8217;s order date.<\/p>\n\n\n\n<p>These Terms of Sale shall prevail over any other general or specific conditions that are not expressly approved Ch\u00e2teau Demonp\u00e8re.<\/p>\n\n\n\n<p>When the Customer checks the box &#8220;I have read and Terms of Sale and I freely agree to them\u201d before proceeding to secure payment, this constitutes an irrevocable acceptance which can be challenged only in cases provided in these Terms of Sale under the heading \u201cwithdrawal and return rights.&#8221; By this act, the Customer acknowledges that he\/she has read and understood these terms and accepts them.<\/p>\n\n\n\n<p>The confirming the order implies that the purchaser accepts the current TOS on the order date, which are maintained and reproduced by Ch\u00e2teau Demonp\u00e8re pursuant to Article 1369-4 of the Civil Code. The Customer warrants that he\/she is fully authorized to use the credit card that he\/she uses, and that it is a personal card and is not being used fraudulently. The Customer must declare to be at least eighteen years old and have the legal capacity, or hold legal authorization, allowing him\/her to access the Internet and purchase online. Ch\u00e2teau Demonp\u00e8re reserves the right to refuse an order from a customer with whom there is a dispute.<\/p>\n\n\n\n<h2 class=\"wp-block-heading\">Article 2: Protection of Minors<\/h2>\n\n\n\n<p>By confirming his\/her order and the Terms of Sale, the buyer guarantees to be 18 years old on the date of the order.<\/p>\n\n\n\n<p>Alcohol abuse is dangerous for health, consume in moderation. http:\/\/www.legifrance.gouv.fr\/affichTexte.do?cidTexte=JORFTEXT000000344577&amp;dateTexte=&amp;categorieLien=id<\/p>\n\n\n\n<h2 class=\"wp-block-heading\">Article 3: Products<\/h2>\n\n\n\n<p>The products for sale on the website each show a description by clicking on them. This description mentions the essential characteristics of the product based on Article L. 111-1 of the Consumer Code.<\/p>\n\n\n\n<p>Artisanal products are subject to slight variations in shape, weigh, size, and colour. Product photographs and descriptions in the online catalogue at www.chateau.demonpere.com are not contractual and Ch\u00e2teau Demonp\u00e8re SAS cannot be held liable by the Customer in case of error. The products for sale comply with current French legislation. Ch\u00e2teau Demonp\u00e8re SAS is not responsible in cases of non-compliance with the legislation of the country where the products are to be delivered. It is the buyer&#8217;s or recipient&#8217;s responsibility to check with local authorities about the importing and use of the product. Ch\u00e2teau Demonp\u00e8re SAS cannot be held responsible for any accidents or damage that may occur when using the items sold. The products in the www.chateau.demonpere.com catalogue are subject to the legal warranty against hidden defects provided by Article 1641 of the Civil Code.<\/p>\n\n\n\n<h2 class=\"wp-block-heading\">Article 4: Orders<\/h2>\n\n\n\n<p>Customers can place orders with Ch\u00e2teau Demonp\u00e8re SAS on the www.chateau.demonpere.com website, 24 hours a day\/7 days a week. The ordering process consists of several stages. Once the customer has completed the selection of his\/her products and confirmed his\/her shopping cart, he\/she must:<\/p>\n\n\n\n<p>After selecting the method of payment, the Customer must make his\/her payment for the order on the secure interface, which will formalize a firm and final sales contract that binds him\/her to Ch\u00e2teau Demonp\u00e8re.<\/p>\n\n\n\n<p>An email is automatically sent to the Customer to confirm the order being accepted, provided that the email address in the registration form contains no errors. The Customer must verify the completeness and accuracy of the information provided to Ch\u00e2teau Demonp\u00e8re.<\/p>\n\n\n\n<p>Ch\u00e2teau Demonp\u00e8re reserves the right to refuse any order for legitimate reasons and, in particular, if the quantities of products ordered are abnormally high for buyers that should be consumers.<\/p>\n\n\n\n<p>Ch\u00e2teau Demonp\u00e8re cannot be held responsible for any data entry errors or any consequences of this in terms of delay or delivery error. In this context, the Customer will be responsible for all costs incurred for re-sending.<\/p>\n\n\n\n<p>The Customer may get an update on the status of his\/her order at any time by sending an email to SAV@chateaudemonpere.fr.<\/p>\n\n\n\n<p>The filing of communications and invoices is made on a reliable and permanent server in order to produce a true and durable copy pursuant to Article 1348 of the Civil Code.<\/p>\n\n\n\n<p>These communications and invoices can be produced as proof of the contract.<\/p>\n\n\n\n<h2 class=\"wp-block-heading\">Article 5: Availability<\/h2>\n\n\n\n<p>Ch\u00e2teau Demonp\u00e8re shall accept your order based on the terms of these Terms of Sale. Ch\u00e2teau Demonp\u00e8re will strive to process all orders depending on available inventory. When ordering, you will be informed of the availability of the products you wish to purchase. However, if products are temporarily unavailable (out of stock, new editions, etc.) after you place your order despite our best efforts, you will be notified by email. If the products will be permanently unavailable (sold out, etc.) after you place your order, Ch\u00e2teau Demonp\u00e8re will automatically cancel your order. You will be notified by email and the amount paid by the Customer for the unavailable item will be credited into his\/her bank account within a maximum of thirty days.<\/p>\n\n\n\n<h2 class=\"wp-block-heading\">Article 6: Prices<\/h2>\n\n\n\n<p>The price of an item is the effective price listed on the order date and include the VAT applicable on the order date.<\/p>\n\n\n\n<p>The prices listed on the product descriptions are expressed in euros (all taxes included) and do not include the costs of shipping and handling, in accordance with Article L. 113-13 of the Consumer Code.<\/p>\n\n\n\n<p>Ch\u00e2teau Demonp\u00e8re reserves the right to change prices at any time, except in orders that have already been placed by the Customer. The Customer does not become the owner of a product until he\/she submits full payment for the product.<\/p>\n\n\n\n<p>For promotions, Ch\u00e2teau Demonp\u00e8re shall apply the promotional price to all orders placed during the promotion period.<\/p>\n\n\n\n<p>The added tax value is set at 20% for wines and accessories, and 5.5% for Org. Olive Oil.<\/p>\n\n\n\n<h2 class=\"wp-block-heading\">Article 7: Payment Terms<\/h2>\n\n\n\n<p>Ordered products are to be paid in full at the time of order and in euros.<\/p>\n\n\n\n<p>Information submitted is encrypted by software and no third party can get access to it through the network.<\/p>\n\n\n\n<p>The Customer warrants that he\/she has the required permission to use the payment method chosen by him\/her at the time of validating the order.<\/p>\n\n\n\n<p>In case of non-payment or payment authorization refusal by accredited organizations, Ch\u00e2teau Demonp\u00e8re reserves the right to refuse an order.<\/p>\n\n\n\n<p>Credit\/Debit: the online payment section lists the types of cards that are accepted. Credit\/Debit cards issued by banks outside of France must be international cards.<\/p>\n\n\n\n<p>Payment is secured through the 3D Secure by receiving an SMS before confirming payment.<\/p>\n\n\n\n<h2 class=\"wp-block-heading\">Article 8: Shipments<\/h2>\n\n\n\n<p>You are responsible for any risks regarding the ordered products after they leave our premises. A delay in shipping will not be grounds to cancel any order, get a price reduction of the amount paid, if the product is delivered to the Customer within 30 days, meaning 21 working days after order confirmation. The main geographical delivery area is mainland France, Corsica, Monaco and Andorra.<\/p>\n\n\n\n<p>For delivery requests out of the mainland France area, please contact Ch\u00e2teau Demonp\u00e8re by email.<\/p>\n\n\n\n<p>Ch\u00e2teau Demonp\u00e8re reserves the right to refuse delivery to PO Boxes.<\/p>\n\n\n\n<p>Orders are processed and shipped:<\/p>\n\n\n\n<p>These times are for all geographic areas that are served daily, so they are subject to area accessibility and the transportation route. Thus, remote areas do not meet these conditions.<\/p>\n\n\n\n<p>Deliveries are made by a carrier and delivered with a signature.<\/p>\n\n\n\n<p>The carrier regularly calls before delivery to be there at the Customer&#8217;s specified preferred time.<\/p>\n\n\n\n<p>If the Customer is not there at the specified delivery time, the carrier will leave a notice at the specified delivery address, providing contact information so that the Customer can contact him\/her to arrange another delivery date by appointment.<\/p>\n\n\n\n<p>If the carrier does not hear from the Customer, the packages are kept for five days by the carrier.<\/p>\n\n\n\n<p>After this period, the products will be automatically returned to Ch\u00e2teau Demonp\u00e8re, which reserves the right to refund the price to the Customer minus postage costs.<\/p>\n\n\n\n<p>Deliveries are made Monday through Friday. When ordering, you must report any specific accessibility problems.<\/p>\n\n\n\n<p>Shipping costs are calculated as accurately as possible according to the weight and size of the order. They include packaging, handling and shipping charges and taxes.<\/p>\n\n\n\n<p>To pay only for shipping, you will proceed to that payment first, and pay by check or bank transfer. Once a payment is received, we will return the said products to you.<\/p>\n\n\n\n<p>If the delivery of a product is abnormally late, the Customer must contact Ch\u00e2teau Demonp\u00e8re by email or phone to see if the package is still pending or awaiting delivery at the carrier. If applicable, the Customer should send a reasoned complaint to Ch\u00e2teau Demonp\u00e8re (SAV@chateaudemonpere.fr) within five business days from the delivery date, to pursue a case file or an investigation to find the package. For delays due to Ch\u00e2teau Demonp\u00e8re, they will deal with Customers on a case by case basis.<\/p>\n\n\n\n<p>The Ch\u00e2teau Demonp\u00e8re warranty is strictly limited to replacements within a reasonable time or refunds at our discretion for defective or non-compliant products that are determined so after we examine product.<\/p>\n\n\n\n<p>A delay, even significant, cannot be a valid reason to file a case, refuse delivery, or take any action for damages of any kind.<\/p>\n\n\n\n<h2 class=\"wp-block-heading\">Article 9: Reception &#8211; Reserves<\/h2>\n\n\n\n<p>The delivered goods remain the property of Ch\u00e2teau Demonp\u00e8re until the Customer has fulfilled all his\/her obligations to Ch\u00e2teau Demonp\u00e8re, particularly until full payment.<\/p>\n\n\n\n<p>This retention of property does not prevent the transfer of risks that will be your responsibility from the date that the ordered products leave our premises in accordance with Article 8.<\/p>\n\n\n\n<p>Upon delivery, Ch\u00e2teau Demonp\u00e8re notes that it is the Customer&#8217;s responsibility to inspect packages in the presence of the carrier as soon as they are received, notify any anomaly (damaged package, delivery date not in accordance with the normal delivery time, number of packages not in accordance with the order) to the carrier, and also to notify the Ch\u00e2teau Demonp\u00e8re, within three business days. The Customer will refuse any damaged goods and notify the carrier. Without reservation, the product is deemed to be accepted by the Customer and shall not be subject to any dispute concerning its delivery.<\/p>\n\n\n\n<h2 class=\"wp-block-heading\">Article 10: Filing \u2013 Proof<\/h2>\n\n\n\n<p>Ch\u00e2teau Demonp\u00e8re archives purchase orders and invoices on a reliable and permanent server in true copies in accordance with the provisions of Article 1369-4 of the Civil Code. Ch\u00e2teau Demonp\u00e8re&#8217;s records will be considered by the parties as proof of communications, orders, payments and transactions between them.<\/p>\n\n\n\n<h2 class=\"wp-block-heading\">Article 11: Cancellation Rights<\/h2>\n\n\n\n<p>In regards to distance selling (without the simultaneous physical presence of the parties), the Customer has, in accordance with Article L 121-20 of the French Consumer Code, within 7 (seven) days from the delivery of his\/her order to exercise his\/her cancellation rights and return the product to Ch\u00e2teau Demonp\u00e8re.<\/p>\n\n\n\n<p>Ch\u00e2teau Demonp\u00e8re will then refund the full amount paid to the Customer, including the original shipping costs, within 14 (fourteen) days from the exercise of this right, by crediting his\/her bank account, without penalty, except the return costs which are still the Customer&#8217;s responsibility.<\/p>\n\n\n\n<p>The return request must be made by email to SAV@chateaudemonpere.fr, specifying full contact details, date, order reference number and, if desired, the reason for the return.<\/p>\n\n\n\n<p>Ch\u00e2teau Demonp\u00e8re suggests that the Customer returns his\/her products via Colissimo Suivi or by registering for additional insurance on the market value of the products that will guarantee, if necessary, compensation for products up to their real market value in case of theft or loss of the goods. Cash-ondelivery returns are not accepted. In all cases, the Customer assumes all risks for the return.<\/p>\n\n\n\n<p>It is the Customer&#8217;s responsibility to keep proof of the return.<\/p>\n\n\n\n<p>Returned products must not have been damaged or used in any way, and they should be in perfect condition for resale and in their original packaging. Ch\u00e2teau Demonp\u00e8re reserves the right to reject, in whole or in part, the repayment of any product that is returned, damaged or incomplete.<\/p>\n\n\n\n<p>After this 7 days (seven) period, the products will be deemed to be consistent with your order and accepted by you.<\/p>\n\n\n\n<h2 class=\"wp-block-heading\">Article 12: Warranties<\/h2>\n\n\n\n<p>The majority of products sold by Ch\u00e2teau Demonp\u00e8re are wine and organic olive oils, which are posted on the www.chateau.demonpere.com website, and sold as such.<\/p>\n\n\n\n<p>The photographs in the catalogue are as accurate as possible but do no guarantee an exact similarity with the product offered. They have no contractual value.<\/p>\n\n\n\n<h3 class=\"wp-block-heading\">Legal Warranty<\/h3>\n\n\n\n<p>All products supplied by the professional seller have the legal guarantee of conformity provided for in Articles L. 211-4 to L. 211-14 of the Consumer Code and the legal guarantee against hidden defects under Articles 1641 to 1649 of the Civil Code.<\/p>\n\n\n\n<h3 class=\"wp-block-heading\">Warranty for Conformity and Hidden Defects<\/h3>\n\n\n\n<p>The Customer is protected by the provisions of the legal guarantee concerning product conformity and hidden defects according to Articles L.211-1 to L.212-1 of the Consumer Code, and 1641 to 1649 of the Civil Code.<\/p>\n\n\n\n<p>He\/she must inspect the products, or have them inspected by a competent person, upon delivery to identify, detect, or reveal the possible non-conformity of products as well as their technical specifications, faults or defects.<\/p>\n\n\n\n<p>The Customer shall send back any defective or non-conforming item at no cost to him\/her.<\/p>\n\n\n\n<p>The transportation risks for returning the product are the Customer&#8217;s responsibility.<\/p>\n\n\n\n<p>In case of complaint, the corresponding action must be brought within two years of discovering the defect in the case of defect, and after delivery in the case of non-conformity.<\/p>\n\n\n\n<p>In the absence of a detailed and reasoned claim by the Client within this period, this right will be forfeited and there can be no claims for defect and\/or non-conformity.<\/p>\n\n\n\n<p>In the case of non-conformity, the Customer has the choice between a repair or replacement of the item(s). If Ch\u00e2teau Demonp\u00e8re cannot execute these options, the Customer can return the item and get a refund.<\/p>\n\n\n\n<p>In case of defect, the Customer has the choice of returning the item and getting a refund, or keeping the item and getting refunded part of the price, which will be determined by experts.<\/p>\n\n\n\n<p>Any deterioration of the products by the Customer, especially through abnormal use of the item, however small, will cause the loss of these guarantees.<\/p>\n\n\n\n<h3 class=\"wp-block-heading\">Warranty for Defective Products<\/h3>\n\n\n\n<p>The Customer is expressly informed that Ch\u00e2teau Demonp\u00e8re produces the products on the www.chateau.demonpere.com website, within the meaning of Law No. 98-389 of 19 May 1998 concerning liability for defective products, set out in Articles 1386-1 et seq. of the Civil Code.<\/p>\n\n\n\n<p>Therefore, in case of damage to a person or property by a defect in the product, the Customer may only pursue the producer&#8217;s responsibility, except in cases of application of Article 1386-7 the Civil Code.<\/p>\n\n\n\n<p>Ch\u00e2teau Demonp\u00e8re notes that wines are only intended for adults. Alcohol abuse is dangerous for your health.<\/p>\n\n\n\n<h2 class=\"wp-block-heading\">Article 13: Liability<\/h2>\n\n\n\n<p>Ch\u00e2teau Demonp\u00e8re cannot be held liable for the Customer&#8217;s non-compliance with legislation in the countries where the products are to be used or delivered to (censorship, banning of a title or an author).<\/p>\n\n\n\n<p>It is the Customer&#8217;s responsibility to check with local authorities regarding any limitations on the importation or use of the products ordered.<\/p>\n\n\n\n<p>Ch\u00e2teau Demonp\u00e8re, in regards to online sale processes, is only bound to use its best efforts. It cannot be held liable for damages resulting from using the Internet.<\/p>\n\n\n\n<p>Ch\u00e2teau Demonp\u00e8re cannot be held liable for any damage resulting from using the goods sold for any uses other than moderate consumption for tasting.<\/p>\n\n\n\n<p>Ch\u00e2teau Demonp\u00e8re shall not be liable for a breach of contract (including delayed delivery) due to circumstances that are unforeseeable, insurmountable and beyond its control, particularly including cases of force majeure.<\/p>\n\n\n\n<h2 class=\"wp-block-heading\">Article 14: Intellectual Property<\/h2>\n\n\n\n<p>All the components of the www.chateau.demonpere.com website are and remain the exclusive intellectual property of Ch\u00e2teau Demonp\u00e8re. No one is allowed to reproduce, use, repost, or utilize the components of the website, even partially and for any purpose whatsoever, whether they are editorial or visual. The text, comments, articles, illustrations, and images in the online store are protected by copyright.<\/p>\n\n\n\n<p>As such and in accordance with the Intellectual Property Code, only private and complimentary activities that are carried out exclusively within the family circle and copies or reproductions that are strictly reserved for private use and not intended for collective use are allowed.<\/p>\n\n\n\n<p>Without Ch\u00e2teau Demonp\u00e8re&#8217;s prior written authorization, any other use constitutes infringement and is punishable under the Intellectual Property Code, and offenders will be prosecuted.<\/p>\n\n\n\n<p>The reproduction, representation, public exposure, commercial exploitation in any way whatsoever, and\/or resale of products is strictly prohibited, except with Ch\u00e2teau Demonp\u00e8re&#8217;s prior written consent. If the Customer disregards this Article, he\/she would be violating copyrights (which are Ch\u00e2teau Demonp\u00e8re&#8217;s sole property) and will be held responsible.<\/p>\n\n\n\n<h2 class=\"wp-block-heading\">Article 15: Data Protection<\/h2>\n\n\n\n<p>The information collected by Ch\u00e2teau Demonp\u00e8re for an order is subject to being used digitally in order to manage the transaction. The data collected is confidential and Ch\u00e2teau Demonp\u00e8re shall not to disclose any Customer details to a third party.<\/p>\n\n\n\n<p>In accordance with Articles 38 and 39 of the \u201cData Processing Act&#8221; Law of 6 January 1978, amended by the Law of 6 August 2004, the Customer has a right to access and correct his\/her data. He\/she can exercise this right that by sending an email to SAV@chateaudemonpere.fr. The Customer may also, for legitimate reasons, oppose the processing of his\/her data.<\/p>\n\n\n\n<h2 class=\"wp-block-heading\">Article 16: Dispute Resolution<\/h2>\n\n\n\n<p>In case of dispute between you and Ch\u00e2teau Demonp\u00e8re, our goal is to offer a neutral and inexpensive way to resolve it quickly. Before initiating legal proceedings, we encourage you to contact us first to seek a solution by emailing SAV@chateaudemonpere.fr. We will consider reasonable requests for dispute resolution through alternative procedures, such as mediation.<\/p>\n\n\n\n<p>These Terms of Sale, and all acts deriving therefrom, are covered under French law. In case of a dispute or claim relating to the application or interpretation of these Terms of Sale, the competent courts are determined by the jurisdiction rules that are applicable to contractual matters.<\/p>\n\n\n\n<p>These Terms of Sale are subject to French law. All disputes concerning the business relationship between you and us are subject to the exclusive jurisdiction of French courts.<\/p>\n\n\n\n<h2 class=\"wp-block-heading\">Article 17: Disputes &#8211; Consumer mediation<\/h2>\n\n\n\n<p>In the event of a dispute between the Customer and the company, they shall endeavour to resolve it amicably (the Customer shall send a written complaint to the professional or, where applicable, to the professional&#8217;s Customer Relations Department).<\/p>\n\n\n\n<p>In the absence of an amicable agreement or in the absence of a response from the professional within a reasonable period of one (1) month, the Customer who is a consumer within the meaning of article L.133-4 of the French Consumer Code may, if a disagreement remains, refer the matter free of charge to the competent mediator on the list of mediators drawn up by the Commission d&#8217;\u00e9valuation et de contr\u00f4le de la m\u00e9diation de la consommation (Consumer Mediation Evaluation and Monitoring Commission) pursuant to article L.615-1 of the French Consumer Code, namely :<br>La Soci\u00e9t\u00e9 M\u00e9diation Professionnelle<br>www.mediateur-consommation-smp.fr<br>24 rue Albert de Mun &#8211; 33000 Bordeaux<\/p>\n\n\n\n<h2 class=\"wp-block-heading\">Article 18: Overview<\/h2>\n\n\n\n<p>If any of the terms contained in the Terms of Sale would be considered illegal or unenforceable, the remaining provisions of these Terms of Sale remain in force. The titles of the various articles contained in these Terms of Sale are purely indicative and do not necessarily determine the precise contents of the articles to which they refer. Our lack of response to a violation to these Terms of Sale by you or anyone else does not affect our right to react to subsequent or similar breaches. We do not guarantee that we will take action on all violations to these Terms of Sale.<\/p>\n\n\n\n<p>These Terms of Sale constitute the entire agreement between us regarding the subject matter herein. The provisions referred to in the articles entitled Liability and Dispute Resolution remain in effect after the termination or expiration of these Terms of Sale, as well as all provisions that must reasonably exist beyond the end of the contract.<\/p>\n\n\n\n<h2 class=\"wp-block-heading\">Article 19: Legal Notice<\/h2>\n\n\n\n<p>The www.chateau.demonpere.com website is edited by the Ch\u00e2teau Demonp\u00e8re SAS Company, France. SIRET No.: 533 060 885 00027 &#8211; APE: 0121Z<\/p>\n\n\n\n<p>Excise No.: FR 012 889 E 0657 \u2013 Intra-community TVA No.: FR 24533060885<\/p>\n\n\n\n<p>Email: chateau@demonpere.fr<\/p>\n","protected":false},"excerpt":{"rendered":"<p>Terms of sale Preamble These Terms of Sale are agreed between, firstly Article 1: Purpose These Terms of Sale are to define the rights and obligations of the buyer related to the products sold in the www.chateau.demonpere.com online catalogue, access to which is free and open to all Internet users. In case of an effective [&hellip;]<\/p>\n","protected":false},"author":1,"featured_media":0,"parent":0,"menu_order":0,"comment_status":"closed","ping_status":"closed","template":"templates\/template-legal.php","meta":{"_acf_changed":false,"_seopress_robots_primary_cat":"","_seopress_titles_title":"","_seopress_titles_desc":"","_seopress_robots_index":"","inline_featured_image":false,"footnotes":""},"class_list":["post-722","page","type-page","status-publish","hentry"],"acf":[],"_links":{"self":[{"href":"https:\/\/www.chateau.demonpere.com\/en\/wp-json\/wp\/v2\/pages\/722","targetHints":{"allow":["GET"]}}],"collection":[{"href":"https:\/\/www.chateau.demonpere.com\/en\/wp-json\/wp\/v2\/pages"}],"about":[{"href":"https:\/\/www.chateau.demonpere.com\/en\/wp-json\/wp\/v2\/types\/page"}],"author":[{"embeddable":true,"href":"https:\/\/www.chateau.demonpere.com\/en\/wp-json\/wp\/v2\/users\/1"}],"replies":[{"embeddable":true,"href":"https:\/\/www.chateau.demonpere.com\/en\/wp-json\/wp\/v2\/comments?post=722"}],"version-history":[{"count":5,"href":"https:\/\/www.chateau.demonpere.com\/en\/wp-json\/wp\/v2\/pages\/722\/revisions"}],"predecessor-version":[{"id":2566,"href":"https:\/\/www.chateau.demonpere.com\/en\/wp-json\/wp\/v2\/pages\/722\/revisions\/2566"}],"wp:attachment":[{"href":"https:\/\/www.chateau.demonpere.com\/en\/wp-json\/wp\/v2\/media?parent=722"}],"curies":[{"name":"wp","href":"https:\/\/api.w.org\/{rel}","templated":true}]}}