{"id":805,"date":"2023-06-05T15:20:48","date_gmt":"2023-06-05T13:20:48","guid":{"rendered":"https:\/\/www.chateau.demonpere.com\/mentions-legales\/"},"modified":"2023-06-27T16:25:18","modified_gmt":"2023-06-27T14:25:18","slug":"legal-notices","status":"publish","type":"page","link":"https:\/\/www.chateau.demonpere.com\/en\/legal-notices\/","title":{"rendered":"Legal notices"},"content":{"rendered":"\n<h1 class=\"wp-block-heading\">Legal notices<\/h1>\n\n\n\n<h2 class=\"wp-block-heading\">Raison sociale<\/h2>\n\n\n\n<p>SAS CHATEAU DEMONPERE<br>La Pardigui\u00e8re, Route des Mayons\u2013 83 340 Le Luc en Provence<br>Capital social de 4 550 000\u20ac euros<br>SIRET : 533 060 885 0027<br>APE : 0121Z<\/p>\n\n\n\n<h2 class=\"wp-block-heading\">Coordonn\u00e9es<\/h2>\n\n\n\n<p>T\u00e9l\u00e9phone :&nbsp;09 722 500 69<\/p>\n\n\n\n<h2 class=\"wp-block-heading\">Responsable de la publication<\/h2>\n\n\n\n<p>CHENEVAS-PAULE Anne<br>chateau@demonpere.fr<\/p>\n\n\n\n<h2 class=\"wp-block-heading\">H\u00e9bergement du site<\/h2>\n\n\n\n<p>H\u00e9bergeur : serveur OVH d\u00e9di\u00e9 par ComDZ<br>2 rue Kellerman<br>Roubaix \u2013 France<br>Site Web : https:\/\/www.ovh.com\/<\/p>\n\n\n\n<h2 class=\"wp-block-heading\">Cr\u00e9ation et d\u00e9veloppement<\/h2>\n\n\n\n<p>Agence ComDZ<br>Adresse : 331 avenue du docteur Julien Lefebvre \u2013 Villeneuve-Loubet<br>T\u00e9l\u00e9phone : 04 93 34 18 68<br>Site Web : www.comdz.fr<\/p>\n\n\n\n<h2 class=\"wp-block-heading\">Cr\u00e9dit photos<\/h2>\n\n\n\n<p>Les \u00e9l\u00e9ments visuels int\u00e9gr\u00e9s sur ce site ont \u00e9t\u00e9 effectu\u00e9es par ComDZ. Certains \u00e9l\u00e9ments visuels peuvent \u00e9galement provenir de la banque d\u2019image Istock et de la soci\u00e9t\u00e9 SAS CHATEAU DEMONPERE.<\/p>\n\n\n\n<h2 class=\"wp-block-heading\">Avertissement<\/h2>\n\n\n\n<p>Les informations contenues sur le site www.chateau.demonpere.com ont un caract\u00e8re indicatif et non contractuel. Nous nous effor\u00e7ons d\u2019assurer l\u2019exactitude et la mise \u00e0 jour des informations diffus\u00e9es sur ce site, dont nous nous r\u00e9servons le droit de corriger, \u00e0 tout moment et sans pr\u00e9avis, le contenu. Ce contenu est non-exhaustif. La soci\u00e9t\u00e9 SAS CHATEAU DEMONPERE d\u00e9cline toute responsabilit\u00e9 en cas d\u2019erreur, d\u2019inexactitude ou d\u2019omission dans ces informations.<\/p>\n\n\n\n<h2 class=\"wp-block-heading\">Droit de propri\u00e9t\u00e9<\/h2>\n\n\n\n<p>Le site et les diff\u00e9rents \u00e9l\u00e9ments le composant sont prot\u00e9g\u00e9s par le droit de la propri\u00e9t\u00e9 intellectuelle et industrielle. Par cons\u00e9quent, toute repr\u00e9sentation, toute reproduction et, de mani\u00e8re plus g\u00e9n\u00e9rale, toute exploitation, par quelque proc\u00e9d\u00e9 que ce soit, de tout ou partie du site (sa structure g\u00e9n\u00e9rale, photographies, informations, ic\u00f4nes, logos, graphismes y figurant), sans l\u2019autorisation pr\u00e9alable et \u00e9crite de la soci\u00e9t\u00e9 SAS CHATEAU DEMONPERE est strictement interdite. Les informations contenues sur le site sont exclusivement r\u00e9serv\u00e9es \u00e0 un usage priv\u00e9. La reproduction de tout document publi\u00e9 sur le site de www.chateau.demonpere.com et l\u2019utilisation de copies r\u00e9alis\u00e9es n\u2019est autoris\u00e9 qu\u2019\u00e0 des fins d\u2019information pour un usage personnel et priv\u00e9.<\/p>\n","protected":false},"excerpt":{"rendered":"<p>Legal notices Raison sociale SAS CHATEAU DEMONPERELa Pardigui\u00e8re, Route des Mayons\u2013 83 340 Le Luc en ProvenceCapital social de 4 550 000\u20ac eurosSIRET : 533 060 885 0027APE : 0121Z Coordonn\u00e9es T\u00e9l\u00e9phone :&nbsp;09 722 500 69 Responsable de la publication CHENEVAS-PAULE Annechateau@demonpere.fr H\u00e9bergement du site H\u00e9bergeur : serveur OVH d\u00e9di\u00e9 par ComDZ2 rue KellermanRoubaix \u2013 [&hellip;]<\/p>\n","protected":false},"author":1,"featured_media":0,"parent":0,"menu_order":0,"comment_status":"closed","ping_status":"closed","template":"templates\/template-legal.php","meta":{"_acf_changed":false,"_seopress_robots_primary_cat":"","_seopress_titles_title":"","_seopress_titles_desc":"","_seopress_robots_index":"","inline_featured_image":false,"footnotes":""},"class_list":["post-805","page","type-page","status-publish","hentry"],"acf":[],"_links":{"self":[{"href":"https:\/\/www.chateau.demonpere.com\/en\/wp-json\/wp\/v2\/pages\/805","targetHints":{"allow":["GET"]}}],"collection":[{"href":"https:\/\/www.chateau.demonpere.com\/en\/wp-json\/wp\/v2\/pages"}],"about":[{"href":"https:\/\/www.chateau.demonpere.com\/en\/wp-json\/wp\/v2\/types\/page"}],"author":[{"embeddable":true,"href":"https:\/\/www.chateau.demonpere.com\/en\/wp-json\/wp\/v2\/users\/1"}],"replies":[{"embeddable":true,"href":"https:\/\/www.chateau.demonpere.com\/en\/wp-json\/wp\/v2\/comments?post=805"}],"version-history":[{"count":2,"href":"https:\/\/www.chateau.demonpere.com\/en\/wp-json\/wp\/v2\/pages\/805\/revisions"}],"predecessor-version":[{"id":851,"href":"https:\/\/www.chateau.demonpere.com\/en\/wp-json\/wp\/v2\/pages\/805\/revisions\/851"}],"wp:attachment":[{"href":"https:\/\/www.chateau.demonpere.com\/en\/wp-json\/wp\/v2\/media?parent=805"}],"curies":[{"name":"wp","href":"https:\/\/api.w.org\/{rel}","templated":true}]}}