{"id":2800,"date":"2025-03-03T15:25:28","date_gmt":"2025-03-03T14:25:28","guid":{"rendered":"https:\/\/www.chateau.demonpere.com\/?post_type=product&#038;p=2800"},"modified":"2026-03-18T10:44:17","modified_gmt":"2026-03-18T09:44:17","slug":"chateau-demonpere-rose-cuvee-prestige-a-o-p-cotes-de-provence-2025","status":"publish","type":"product","link":"https:\/\/www.chateau.demonpere.com\/en\/product\/chateau-demonpere-rose-cuvee-prestige-a-o-p-cotes-de-provence-2025\/","title":{"rendered":"Ch\u00e2teau Demonp\u00e8re &#8211; Ros\u00e9 Cuv\u00e9e Prestige &#8211; P.D.O. C\u00f4tes de Provence &#8211; 2025"},"content":{"rendered":"<p>The Prestige range from Ch\u00e2teau Demonp\u00e8re combines elegance, aromatic richness and expertise. It reflects the authenticity of the Proven\u00e7al terroir, with balance, finesse and beautiful persistence.<\/p>\n<p>Presented in a delicate pale pink color,<\/p>\n<p>its intense nose reveals a refined bouquet of white peach, mango, and pink grapefruit.<\/p>\n<p>The palate, lively and generous, offers beautiful aromatic<\/p>\n<p>expression supported by refreshing freshness.<\/p>\n<p>This ros\u00e9 perfectly complements summer cuisine.<\/p>\n<p>Grapes varieties : Grenache (55%), Cinsault (35%), Syrah (5%), Mourv\u00e8dre (5%)<\/p>\n<p>Alc. 12.5% vol<\/p>\n<p>DIAM Provence cork stoppers.<br \/>\nSleek bottle, flat finish.<br \/>\nStore in a cool place &#8211; Serve cold<\/p>\n","protected":false},"excerpt":{"rendered":"<p>The Prestige range from Ch\u00e2teau Demonp\u00e8re combines elegance, aromatic richness and expertise. It reflects the authenticity of the Proven\u00e7al terroir, with balance, finesse and beautiful persistence. Presented in a delicate pale pink color, its intense nose reveals a refined bouquet of white peach, mango, and pink grapefruit. The palate, lively and generous, offers beautiful aromatic [&hellip;]<\/p>\n","protected":false},"featured_media":4906,"comment_status":"open","ping_status":"closed","template":"","meta":{"_acf_changed":false,"_seopress_robots_primary_cat":"none","_seopress_titles_title":"","_seopress_titles_desc":"","_seopress_robots_index":"","inline_featured_image":false},"product_brand":[],"product_cat":[40,37],"product_tag":[],"product_label":[],"class_list":{"0":"post-2800","1":"product","2":"type-product","3":"status-publish","4":"has-post-thumbnail","6":"product_cat-a-o-p-cote-de-provence-rose-en","7":"product_cat-wines","9":"first","10":"instock","11":"featured","12":"taxable","13":"shipping-taxable","14":"purchasable","15":"product-type-variable"},"acf":[],"_links":{"self":[{"href":"https:\/\/www.chateau.demonpere.com\/en\/wp-json\/wp\/v2\/product\/2800","targetHints":{"allow":["GET"]}}],"collection":[{"href":"https:\/\/www.chateau.demonpere.com\/en\/wp-json\/wp\/v2\/product"}],"about":[{"href":"https:\/\/www.chateau.demonpere.com\/en\/wp-json\/wp\/v2\/types\/product"}],"replies":[{"embeddable":true,"href":"https:\/\/www.chateau.demonpere.com\/en\/wp-json\/wp\/v2\/comments?post=2800"}],"wp:featuredmedia":[{"embeddable":true,"href":"https:\/\/www.chateau.demonpere.com\/en\/wp-json\/wp\/v2\/media\/4906"}],"wp:attachment":[{"href":"https:\/\/www.chateau.demonpere.com\/en\/wp-json\/wp\/v2\/media?parent=2800"}],"wp:term":[{"taxonomy":"product_brand","embeddable":true,"href":"https:\/\/www.chateau.demonpere.com\/en\/wp-json\/wp\/v2\/product_brand?post=2800"},{"taxonomy":"product_cat","embeddable":true,"href":"https:\/\/www.chateau.demonpere.com\/en\/wp-json\/wp\/v2\/product_cat?post=2800"},{"taxonomy":"product_tag","embeddable":true,"href":"https:\/\/www.chateau.demonpere.com\/en\/wp-json\/wp\/v2\/product_tag?post=2800"},{"taxonomy":"product_label","embeddable":true,"href":"https:\/\/www.chateau.demonpere.com\/en\/wp-json\/wp\/v2\/product_label?post=2800"}],"curies":[{"name":"wp","href":"https:\/\/api.w.org\/{rel}","templated":true}]}}