{"id":2820,"date":"2025-03-03T15:39:28","date_gmt":"2025-03-03T14:39:28","guid":{"rendered":"https:\/\/www.chateau.demonpere.com\/?post_type=product&#038;p=2820"},"modified":"2026-03-12T16:54:50","modified_gmt":"2026-03-12T15:54:50","slug":"chateau-demonpere-rose-cuvee-son-a-o-p-cotes-de-provence-2024","status":"publish","type":"product","link":"https:\/\/www.chateau.demonpere.com\/en\/product\/chateau-demonpere-rose-cuvee-son-a-o-p-cotes-de-provence-2024\/","title":{"rendered":"Ch\u00e2teau Demonp\u00e8re &#8211; Ros\u00e9 Cuv\u00e9e Le Jour J (D Day) &#8211; P.D.O C\u00f4tes de Provence &#8211; 2025"},"content":{"rendered":"<p>With its beautiful pale pink color,<\/p>\n<p>this ros\u00e9 reveals an expressive and generous nose.<\/p>\n<p>The palate, slightly tangy, evokes sour candy, before opening onto aromas of yellow-fleshed fruits<\/p>\n<p>such as vine peach and apricot.<\/p>\n<p>The freshness and floral aromas of the ros\u00e9 delicately<\/p>\n<p>accompany fish, shellfish, and sun-ripened vegetables..<\/p>\n<p>Grapes varieties : Grenache (30%), Cinsault (30%), Syrah (15%),<\/p>\n<p>Mourv\u00e8dre (15%), Rolle (10%)<\/p>\n<p>Alc. 12.5% vol.<\/p>\n<p>Wine from organic farming certified Ecocert.<br \/>\n100% Terroir.<br \/>\nWine from an HVE certified farm on 08\/30\/2021: High Environmental Value<\/p>\n<p>Technical Diam cork stoppers.<br \/>\nElegant 75 cl bottle, flat ring.<br \/>\nPaper label \u201cTintoretto Gesso Ultra Blanc\u201d, traditional French printer.<br \/>\nBack transparent label with QR CODE and GEN CODE.<\/p>\n<p>Store away from heat &#8211; Drink fresh<\/p>\n<p>Nb: A deposit of tartar crystals is possible and normal (natural) and does not alter<\/p>\n<p>in no way the quality of the wine.<\/p>\n","protected":false},"excerpt":{"rendered":"<p>With its beautiful pale pink color, this ros\u00e9 reveals an expressive and generous nose. The palate, slightly tangy, evokes sour candy, before opening onto aromas of yellow-fleshed fruits such as vine peach and apricot. The freshness and floral aromas of the ros\u00e9 delicately accompany fish, shellfish, and sun-ripened vegetables.. Grapes varieties : Grenache (30%), Cinsault [&hellip;]<\/p>\n","protected":false},"featured_media":4933,"comment_status":"open","ping_status":"closed","template":"","meta":{"_acf_changed":false,"_seopress_robots_primary_cat":"none","_seopress_titles_title":"","_seopress_titles_desc":"","_seopress_robots_index":"","inline_featured_image":false},"product_brand":[],"product_cat":[40,37],"product_tag":[],"product_label":[],"class_list":{"0":"post-2820","1":"product","2":"type-product","3":"status-publish","4":"has-post-thumbnail","6":"product_cat-a-o-p-cote-de-provence-rose-en","7":"product_cat-wines","9":"first","10":"instock","11":"taxable","12":"shipping-taxable","13":"purchasable","14":"product-type-simple"},"acf":[],"_links":{"self":[{"href":"https:\/\/www.chateau.demonpere.com\/en\/wp-json\/wp\/v2\/product\/2820","targetHints":{"allow":["GET"]}}],"collection":[{"href":"https:\/\/www.chateau.demonpere.com\/en\/wp-json\/wp\/v2\/product"}],"about":[{"href":"https:\/\/www.chateau.demonpere.com\/en\/wp-json\/wp\/v2\/types\/product"}],"replies":[{"embeddable":true,"href":"https:\/\/www.chateau.demonpere.com\/en\/wp-json\/wp\/v2\/comments?post=2820"}],"wp:featuredmedia":[{"embeddable":true,"href":"https:\/\/www.chateau.demonpere.com\/en\/wp-json\/wp\/v2\/media\/4933"}],"wp:attachment":[{"href":"https:\/\/www.chateau.demonpere.com\/en\/wp-json\/wp\/v2\/media?parent=2820"}],"wp:term":[{"taxonomy":"product_brand","embeddable":true,"href":"https:\/\/www.chateau.demonpere.com\/en\/wp-json\/wp\/v2\/product_brand?post=2820"},{"taxonomy":"product_cat","embeddable":true,"href":"https:\/\/www.chateau.demonpere.com\/en\/wp-json\/wp\/v2\/product_cat?post=2820"},{"taxonomy":"product_tag","embeddable":true,"href":"https:\/\/www.chateau.demonpere.com\/en\/wp-json\/wp\/v2\/product_tag?post=2820"},{"taxonomy":"product_label","embeddable":true,"href":"https:\/\/www.chateau.demonpere.com\/en\/wp-json\/wp\/v2\/product_label?post=2820"}],"curies":[{"name":"wp","href":"https:\/\/api.w.org\/{rel}","templated":true}]}}