{"id":2931,"date":"2025-05-15T15:43:36","date_gmt":"2025-05-15T13:43:36","guid":{"rendered":"https:\/\/www.chateau.demonpere.com\/?post_type=product&#038;p=2931"},"modified":"2026-03-12T16:58:20","modified_gmt":"2026-03-12T15:58:20","slug":"chateau-demonpere-white-cuvee-son-a-o-p-cotes-de-provence-2024","status":"publish","type":"product","link":"https:\/\/www.chateau.demonpere.com\/en\/product\/chateau-demonpere-white-cuvee-son-a-o-p-cotes-de-provence-2024\/","title":{"rendered":"Ch\u00e2teau Demonp\u00e8re &#8211; White Cuv\u00e9e Le Jour J (D Day) &#8211; P.D.O C\u00f4tes de Provence &#8211; 2025"},"content":{"rendered":"<p>With a beautiful light and pale gold color,<\/p>\n<p>this blend delights with its freshness.<\/p>\n<p>The tonic nose-feel bursts with citrus notes, dominated by yellow grapefruit and lemon, for a generous and refreshing palate.<\/p>\n<p>Its minerality and aromatic tension enhance the finesse of fish, seafood, and creamy dishes.<\/p>\n<p>Grape variety : Rolle (100%)<\/p>\n<p>Alc. 12.5% vol.<\/p>\n<p>Certifies Organic Agriculture by Ecocert<\/p>\n<p>Wine from a farm certified HVE on 08.30.2021: High Environmental Value<\/p>\n<p>Diam Technical Corks produced using natural cork from Provence.<br \/>\nElegant high quality white bottle, Saver Glass.<br \/>\nPaper label \u00ab Tintoretto Gesso Ultra White \u00bb, Traditional French printer.<br \/>\nAgainst transparent label with QR CODE et GEN CODE.<\/p>\n<p>Note: Store in a cool dry place \u2013 serve chilled.<\/p>\n","protected":false},"excerpt":{"rendered":"<p>With a beautiful light and pale gold color, this blend delights with its freshness. The tonic nose-feel bursts with citrus notes, dominated by yellow grapefruit and lemon, for a generous and refreshing palate. Its minerality and aromatic tension enhance the finesse of fish, seafood, and creamy dishes. Grape variety : Rolle (100%) Alc. 12.5% vol. [&hellip;]<\/p>\n","protected":false},"featured_media":4927,"comment_status":"open","ping_status":"closed","template":"","meta":{"_acf_changed":false,"_seopress_robots_primary_cat":"none","_seopress_titles_title":"","_seopress_titles_desc":"","_seopress_robots_index":"","inline_featured_image":false},"product_brand":[],"product_cat":[41,37],"product_tag":[],"product_label":[],"class_list":{"0":"post-2931","1":"product","2":"type-product","3":"status-publish","4":"has-post-thumbnail","6":"product_cat-a-o-p-cote-de-provence-blanc-en","7":"product_cat-wines","9":"first","10":"instock","11":"taxable","12":"shipping-taxable","13":"purchasable","14":"product-type-simple"},"acf":[],"_links":{"self":[{"href":"https:\/\/www.chateau.demonpere.com\/en\/wp-json\/wp\/v2\/product\/2931","targetHints":{"allow":["GET"]}}],"collection":[{"href":"https:\/\/www.chateau.demonpere.com\/en\/wp-json\/wp\/v2\/product"}],"about":[{"href":"https:\/\/www.chateau.demonpere.com\/en\/wp-json\/wp\/v2\/types\/product"}],"replies":[{"embeddable":true,"href":"https:\/\/www.chateau.demonpere.com\/en\/wp-json\/wp\/v2\/comments?post=2931"}],"wp:featuredmedia":[{"embeddable":true,"href":"https:\/\/www.chateau.demonpere.com\/en\/wp-json\/wp\/v2\/media\/4927"}],"wp:attachment":[{"href":"https:\/\/www.chateau.demonpere.com\/en\/wp-json\/wp\/v2\/media?parent=2931"}],"wp:term":[{"taxonomy":"product_brand","embeddable":true,"href":"https:\/\/www.chateau.demonpere.com\/en\/wp-json\/wp\/v2\/product_brand?post=2931"},{"taxonomy":"product_cat","embeddable":true,"href":"https:\/\/www.chateau.demonpere.com\/en\/wp-json\/wp\/v2\/product_cat?post=2931"},{"taxonomy":"product_tag","embeddable":true,"href":"https:\/\/www.chateau.demonpere.com\/en\/wp-json\/wp\/v2\/product_tag?post=2931"},{"taxonomy":"product_label","embeddable":true,"href":"https:\/\/www.chateau.demonpere.com\/en\/wp-json\/wp\/v2\/product_label?post=2931"}],"curies":[{"name":"wp","href":"https:\/\/api.w.org\/{rel}","templated":true}]}}