{"id":2937,"date":"2025-05-15T15:52:13","date_gmt":"2025-05-15T13:52:13","guid":{"rendered":"https:\/\/www.chateau.demonpere.com\/?post_type=product&#038;p=2937"},"modified":"2026-03-12T16:53:06","modified_gmt":"2026-03-12T15:53:06","slug":"chateau-demonpere-red-cuvee-son-a-o-p-cotes-de-provence-2024","status":"publish","type":"product","link":"https:\/\/www.chateau.demonpere.com\/en\/product\/chateau-demonpere-red-cuvee-son-a-o-p-cotes-de-provence-2024\/","title":{"rendered":"Ch\u00e2teau Demonp\u00e8re &#8211; Red Cuv\u00e9e Le Jour J &#8211; P.D.O. C\u00f4tes de Provence &#8211; 2025"},"content":{"rendered":"<p>A wine with a light red color.<\/p>\n<p>This selection captivates with its fruity expression.<\/p>\n<p>The nose opens with aromas of red fruits,<\/p>\n<p>especially morello cherry, for a lively and elegant first impression.<\/p>\n<p>Soft tannins and Mediterranean aromas make this wine a perfect match with a beautiful charcuterie platter, vegetable gratins,<\/p>\n<p>or roasted white meats.<\/p>\n<p>Grapes Varieties : Cinsault (70%), Syrah (30%)<\/p>\n<p>Alc. 12.5% vol.<\/p>\n<p>Certified Organic Farming by Ecocert.<br \/>\n100% Terroir.<br \/>\nWine from a farm certified HVE on 08.30.2021: High Environmental Value<\/p>\n<p>Grapes Varieties: Cinsault (70%), Syrah (30%).<br \/>\n12,5% Alcohol.<\/p>\n<p>Diam technical corks.<br \/>\nElegant high quality bottle produced by SAVER GLASS of France.<br \/>\nPaper label \u00ab Tintoretto Gesso Ultra White \u00bb, Traditional French printer.<br \/>\nAgainst transparent label with QR CODE et GEN CODE.<\/p>\n","protected":false},"excerpt":{"rendered":"<p>A wine with a light red color. This selection captivates with its fruity expression. The nose opens with aromas of red fruits, especially morello cherry, for a lively and elegant first impression. Soft tannins and Mediterranean aromas make this wine a perfect match with a beautiful charcuterie platter, vegetable gratins, or roasted white meats. Grapes [&hellip;]<\/p>\n","protected":false},"featured_media":4939,"comment_status":"open","ping_status":"closed","template":"","meta":{"_acf_changed":false,"_seopress_robots_primary_cat":"none","_seopress_titles_title":"","_seopress_titles_desc":"","_seopress_robots_index":"","inline_featured_image":false},"product_brand":[],"product_cat":[39,37],"product_tag":[],"product_label":[],"class_list":{"0":"post-2937","1":"product","2":"type-product","3":"status-publish","4":"has-post-thumbnail","6":"product_cat-a-o-p-cote-de-provence-rouge-en","7":"product_cat-wines","9":"first","10":"instock","11":"taxable","12":"shipping-taxable","13":"purchasable","14":"product-type-simple"},"acf":[],"_links":{"self":[{"href":"https:\/\/www.chateau.demonpere.com\/en\/wp-json\/wp\/v2\/product\/2937","targetHints":{"allow":["GET"]}}],"collection":[{"href":"https:\/\/www.chateau.demonpere.com\/en\/wp-json\/wp\/v2\/product"}],"about":[{"href":"https:\/\/www.chateau.demonpere.com\/en\/wp-json\/wp\/v2\/types\/product"}],"replies":[{"embeddable":true,"href":"https:\/\/www.chateau.demonpere.com\/en\/wp-json\/wp\/v2\/comments?post=2937"}],"wp:featuredmedia":[{"embeddable":true,"href":"https:\/\/www.chateau.demonpere.com\/en\/wp-json\/wp\/v2\/media\/4939"}],"wp:attachment":[{"href":"https:\/\/www.chateau.demonpere.com\/en\/wp-json\/wp\/v2\/media?parent=2937"}],"wp:term":[{"taxonomy":"product_brand","embeddable":true,"href":"https:\/\/www.chateau.demonpere.com\/en\/wp-json\/wp\/v2\/product_brand?post=2937"},{"taxonomy":"product_cat","embeddable":true,"href":"https:\/\/www.chateau.demonpere.com\/en\/wp-json\/wp\/v2\/product_cat?post=2937"},{"taxonomy":"product_tag","embeddable":true,"href":"https:\/\/www.chateau.demonpere.com\/en\/wp-json\/wp\/v2\/product_tag?post=2937"},{"taxonomy":"product_label","embeddable":true,"href":"https:\/\/www.chateau.demonpere.com\/en\/wp-json\/wp\/v2\/product_label?post=2937"}],"curies":[{"name":"wp","href":"https:\/\/api.w.org\/{rel}","templated":true}]}}