{"id":5019,"date":"2026-03-12T17:09:45","date_gmt":"2026-03-12T16:09:45","guid":{"rendered":"https:\/\/www.chateau.demonpere.com\/?post_type=product&#038;p=5019"},"modified":"2026-03-13T14:23:20","modified_gmt":"2026-03-13T13:23:20","slug":"chateau-demonpere-white-cuvee-prestige-d-p-o-cotes-de-provence-2024","status":"publish","type":"product","link":"https:\/\/www.chateau.demonpere.com\/en\/product\/chateau-demonpere-white-cuvee-prestige-d-p-o-cotes-de-provence-2024\/","title":{"rendered":"Ch\u00e2teau Demonp\u00e8re \u2013 White Cuv\u00e9e Prestige \u2013 P.D.O. C\u00f4tes de Provence \u2013 2025"},"content":{"rendered":"<p>The Prestige range from Ch\u00e2teau Demonp\u00e8re combines elegance, aromatic richness and expertise. It reflects the authenticity of the Proven\u00e7al terroir, with balance, finesse and beautiful persistence.<\/p>\n<p>Charming with its luminous pale gold color,<\/p>\n<p>the nose, fine and expressive,<\/p>\n<p>reveals aromas of citrus and white flowers.<\/p>\n<p>On the palate, the purity of the fruit harmonizes with lively freshness, offering beautiful balance.<\/p>\n<p>Ideal to enhance fine cuisine.<\/p>\n<p>Grape variety : Rolle (100%)<\/p>\n<p>Alc. 12.5% vol.<\/p>\n<p>Ecocert-approved organic wine.<\/p>\n<p>100% terroir.<\/p>\n<p>Wine from a farm approved as HEV: High Environmental Value<\/p>\n<p>DIAM Provence cork stoppers.<br \/>\nSleek bottle, flat finish.<\/p>\n<p>Store in a cool place &#8211; Serve cold<\/p>\n","protected":false},"excerpt":{"rendered":"<p>The Prestige range from Ch\u00e2teau Demonp\u00e8re combines elegance, aromatic richness and expertise. It reflects the authenticity of the Proven\u00e7al terroir, with balance, finesse and beautiful persistence. Charming with its luminous pale gold color, the nose, fine and expressive, reveals aromas of citrus and white flowers. On the palate, the purity of the fruit harmonizes with [&hellip;]<\/p>\n","protected":false},"featured_media":4897,"comment_status":"open","ping_status":"closed","template":"","meta":{"_acf_changed":false,"_seopress_robots_primary_cat":"none","_seopress_titles_title":"","_seopress_titles_desc":"","_seopress_robots_index":"","inline_featured_image":false},"product_brand":[],"product_cat":[41,37],"product_tag":[],"product_label":[],"class_list":{"0":"post-5019","1":"product","2":"type-product","3":"status-publish","4":"has-post-thumbnail","6":"product_cat-a-o-p-cote-de-provence-blanc-en","7":"product_cat-wines","9":"first","10":"instock","11":"taxable","12":"shipping-taxable","13":"purchasable","14":"product-type-variable"},"acf":[],"_links":{"self":[{"href":"https:\/\/www.chateau.demonpere.com\/en\/wp-json\/wp\/v2\/product\/5019","targetHints":{"allow":["GET"]}}],"collection":[{"href":"https:\/\/www.chateau.demonpere.com\/en\/wp-json\/wp\/v2\/product"}],"about":[{"href":"https:\/\/www.chateau.demonpere.com\/en\/wp-json\/wp\/v2\/types\/product"}],"replies":[{"embeddable":true,"href":"https:\/\/www.chateau.demonpere.com\/en\/wp-json\/wp\/v2\/comments?post=5019"}],"wp:featuredmedia":[{"embeddable":true,"href":"https:\/\/www.chateau.demonpere.com\/en\/wp-json\/wp\/v2\/media\/4897"}],"wp:attachment":[{"href":"https:\/\/www.chateau.demonpere.com\/en\/wp-json\/wp\/v2\/media?parent=5019"}],"wp:term":[{"taxonomy":"product_brand","embeddable":true,"href":"https:\/\/www.chateau.demonpere.com\/en\/wp-json\/wp\/v2\/product_brand?post=5019"},{"taxonomy":"product_cat","embeddable":true,"href":"https:\/\/www.chateau.demonpere.com\/en\/wp-json\/wp\/v2\/product_cat?post=5019"},{"taxonomy":"product_tag","embeddable":true,"href":"https:\/\/www.chateau.demonpere.com\/en\/wp-json\/wp\/v2\/product_tag?post=5019"},{"taxonomy":"product_label","embeddable":true,"href":"https:\/\/www.chateau.demonpere.com\/en\/wp-json\/wp\/v2\/product_label?post=5019"}],"curies":[{"name":"wp","href":"https:\/\/api.w.org\/{rel}","templated":true}]}}