{"id":1900,"date":"2023-05-31T10:51:42","date_gmt":"2023-05-31T08:51:42","guid":{"rendered":"https:\/\/www.chateau.demonpere.com\/contact\/"},"modified":"2025-06-18T14:11:05","modified_gmt":"2025-06-18T12:11:05","slug":"contacto","status":"publish","type":"page","link":"https:\/\/www.chateau.demonpere.com\/es\/contacto\/","title":{"rendered":"Contacto"},"content":{"rendered":"\n<div id=\"block-hero-block_273b19c5fa2b16577165abca58845a98\" class=\"block-hero is-style-reduced-height\">\n\n\t<div class=\"hero-image\">\n\n\t\t\t\t\t<figure class=\"\">\n\t\t\t\t<img fetchpriority=\"high\" decoding=\"async\" width=\"1920\" height=\"848\" src=\"https:\/\/www.chateau.demonpere.com\/wp-content\/uploads\/2023\/06\/hero-1.jpg\" class=\"attachment-full size-full\" alt=\"\" loading=\"eager\" srcset=\"https:\/\/www.chateau.demonpere.com\/wp-content\/uploads\/2023\/06\/hero-1.jpg 1920w, https:\/\/www.chateau.demonpere.com\/wp-content\/uploads\/2023\/06\/hero-1-314x139.jpg 314w, https:\/\/www.chateau.demonpere.com\/wp-content\/uploads\/2023\/06\/hero-1-456x201.jpg 456w, https:\/\/www.chateau.demonpere.com\/wp-content\/uploads\/2023\/06\/hero-1-300x133.jpg 300w, https:\/\/www.chateau.demonpere.com\/wp-content\/uploads\/2023\/06\/hero-1-1024x452.jpg 1024w, https:\/\/www.chateau.demonpere.com\/wp-content\/uploads\/2023\/06\/hero-1-768x339.jpg 768w, https:\/\/www.chateau.demonpere.com\/wp-content\/uploads\/2023\/06\/hero-1-1536x678.jpg 1536w\" sizes=\"(max-width: 1920px) 100vw, 1920px\" \/>\t\t\t<\/figure>\n\t\t\n\n\t\t\n\t\t\t\t\t<h1 class=\"overflow-title screen-reader-text\">Ch\u00e2teau Demonp\u00e8re<\/h1>\n\t\t\n\t<\/div>\n\n\n\t\t\t<div class=\"inner-content\"> \n\t\t\t<div class=\"description\">Nuestro equipo te aconseja<\/div>\n\t\t<\/div>\n\t\n\n<\/div>\n\n\n\n<div class=\"wp-block-group alignwide\"><div class=\"wp-block-group__inner-container is-layout-constrained wp-block-group-is-layout-constrained\">\n<div style=\"height:3rem\" aria-hidden=\"true\" class=\"wp-block-spacer\"><\/div>\n\n\n\n<h1 class=\"wp-block-heading has-text-align-center is-style-playfair-display has-huge-font-size\">Contacta con nosotros<\/h1>\n<\/div><\/div>\n\n\n\n<div class=\"wp-block-group\"><div class=\"wp-block-group__inner-container is-layout-constrained wp-block-group-is-layout-constrained\">\n<div style=\"height:3vw\" aria-hidden=\"true\" class=\"wp-block-spacer\"><\/div>\n\n\n\n<div class=\"wp-block-columns alignwide is-style-default is-layout-flex wp-container-core-columns-is-layout-9d6595d7 wp-block-columns-is-layout-flex\">\n<div class=\"wp-block-column is-layout-flow wp-block-column-is-layout-flow\">\n<h2 class=\"wp-block-heading is-style-underline has-medium-font-size\" style=\"font-style:normal;font-weight:700;text-transform:uppercase\">Direcci\u00f3n<\/h2>\n\n\n\n<p style=\"letter-spacing:0px\">La Pardigui\u00e8re, route des Mayons<br>83340 Le Luc-en-Provence<\/p>\n<\/div>\n\n\n\n<div class=\"wp-block-column is-layout-flow wp-block-column-is-layout-flow\">\n<h2 class=\"wp-block-heading is-style-underline has-medium-font-size\" style=\"font-style:normal;font-weight:700;text-transform:uppercase\">Tel\u00e9fono<\/h2>\n\n\n\n<p>+33 (0)4 94 60 07 78<br>+33 (0)6 18 56 67 02<\/p>\n<\/div>\n\n\n\n<div class=\"wp-block-column is-layout-flow wp-block-column-is-layout-flow\">\n<h2 class=\"wp-block-heading is-style-underline has-medium-font-size\" style=\"font-style:normal;font-weight:700;text-transform:uppercase\">E-mail<\/h2>\n\n\n\n<p style=\"letter-spacing:0px\">chateau@demonpere.fr<\/p>\n<\/div>\n<\/div>\n\n\n\n<div style=\"height:3vw\" aria-hidden=\"true\" class=\"wp-block-spacer\"><\/div>\n\n\n\n<h2 class=\"wp-block-heading has-text-align-center is-style-underline has-medium-font-size\" style=\"font-style:normal;font-weight:700;text-transform:uppercase\">Venta en bodega \u2014 tienda<\/h2>\n\n\n\n<p class=\"has-text-align-center\" style=\"letter-spacing:0px\">Bodega de venta abierta de martes a s\u00e1bado<br>Lunes: con cita previa<br>De martes a s\u00e1bado, ambos incluidos: 10:00-12:30 \/ 14:00-18:00<\/p>\n\n\n\n<div style=\"height:3vw\" aria-hidden=\"true\" class=\"wp-block-spacer\"><\/div>\n<\/div><\/div>\n\n\n\n<div class=\"wp-block-group has-aqua-squeeze-background-color has-background\"><div class=\"wp-block-group__inner-container is-layout-constrained wp-block-group-is-layout-constrained\">\n<div style=\"height:3vw\" aria-hidden=\"true\" class=\"wp-block-spacer\"><\/div>\n\n\n\n<div class=\"wp-block-group alignwide\"><div class=\"wp-block-group__inner-container is-layout-constrained wp-block-group-is-layout-constrained\">\n<h2 class=\"wp-block-heading has-text-align-center mb-0 has-medium-font-size\">Rellena el siguiente formulario y nos pondremos en contacto contigo<\/h2>\n\n\n\n<div class=\"wp-block-contact-form-7-contact-form-selector\">\n<div class=\"wpcf7 no-js\" id=\"wpcf7-f2150-o1\" lang=\"fr-FR\" dir=\"ltr\" data-wpcf7-id=\"2150\">\n<div class=\"screen-reader-response\"><p role=\"status\" aria-live=\"polite\" aria-atomic=\"true\"><\/p> <ul><\/ul><\/div>\n<form action=\"\/es\/wp-json\/wp\/v2\/pages\/1900#wpcf7-f2150-o1\" method=\"post\" class=\"wpcf7-form init\" aria-label=\"Formulaire de contact\" novalidate=\"novalidate\" data-status=\"init\">\n<fieldset class=\"hidden-fields-container\"><input type=\"hidden\" name=\"_wpcf7\" value=\"2150\" \/><input type=\"hidden\" name=\"_wpcf7_version\" value=\"6.1.5\" \/><input type=\"hidden\" name=\"_wpcf7_locale\" value=\"fr_FR\" \/><input type=\"hidden\" name=\"_wpcf7_unit_tag\" value=\"wpcf7-f2150-o1\" \/><input type=\"hidden\" name=\"_wpcf7_container_post\" value=\"0\" \/><input type=\"hidden\" name=\"_wpcf7_posted_data_hash\" value=\"\" \/>\n<\/fieldset>\n<p class=\"required-fields\"><span class=\"required\">*<\/span>Campos obligatorios<\/p>\n\n<div class=\"form-row\">\n<div class=\"form-group\"><label class=\"screen-reader-text\" for=\"nom\">Apellido<span class=\"required\">*<\/span><\/label><div class=\"input-item input-item-name\"><span class=\"wpcf7-form-control-wrap\" data-name=\"nom\"><input size=\"40\" maxlength=\"400\" class=\"wpcf7-form-control wpcf7-text wpcf7-validates-as-required\" id=\"nom\" aria-required=\"true\" aria-invalid=\"false\" placeholder=\"Apellido*\" value=\"\" type=\"text\" name=\"nom\" \/><\/span><\/div><\/div>\n<div class=\"form-group\"><label class=\"screen-reader-text\" for=\"prenom\">Nombre de pila <span class=\"required\">*<\/span><\/label><div class=\"input-item input-item-name\"><span class=\"wpcf7-form-control-wrap\" data-name=\"prenom\"><input size=\"40\" maxlength=\"400\" class=\"wpcf7-form-control wpcf7-text wpcf7-validates-as-required\" id=\"prenom\" aria-required=\"true\" aria-invalid=\"false\" placeholder=\"Nombre de pila*\" value=\"\" type=\"text\" name=\"prenom\" \/><\/span><\/div><\/div>\n<div class=\"form-group\"><label class=\"screen-reader-text\" for=\"societe\">Compa\u00f1\u00eda<\/label><div class=\"input-item input-item-name\"><span class=\"wpcf7-form-control-wrap\" data-name=\"societe\"><input size=\"40\" maxlength=\"400\" class=\"wpcf7-form-control wpcf7-text\" id=\"societe\" aria-invalid=\"false\" placeholder=\"Compa\u00f1\u00eda\" value=\"\" type=\"text\" name=\"societe\" \/><\/span><\/div><\/div>\n<\/div>\n\n<div class=\"form-row\">\n<div class=\"form-group\"><label class=\"screen-reader-text\" for=\"email\">E-mail <span class=\"required\">*<\/span><\/label><div class=\"input-item input-item-email\"><span class=\"wpcf7-form-control-wrap\" data-name=\"email\"><input size=\"40\" maxlength=\"400\" class=\"wpcf7-form-control wpcf7-email wpcf7-validates-as-required wpcf7-text wpcf7-validates-as-email\" id=\"email\" aria-required=\"true\" aria-invalid=\"false\" placeholder=\"E-mail*\" value=\"\" type=\"email\" name=\"email\" \/><\/span><\/div><\/div>\n<div class=\"form-group\"><label class=\"screen-reader-text\" for=\"telephone\">Tel\u00e9fono <\/label><div class=\"input-item input-item-phone\"><span class=\"wpcf7-form-control-wrap\" data-name=\"telephone\"><input size=\"40\" maxlength=\"400\" class=\"wpcf7-form-control wpcf7-text\" id=\"telephone\" aria-invalid=\"false\" placeholder=\"Tel\u00e9fono\" value=\"\" type=\"text\" name=\"telephone\" \/><\/span><\/div><\/div>\n<div class=\"form-group\"><label class=\"screen-reader-text\" for=\"sujet\">Sujeto <\/label><div class=\"input-item input-item-site\"><span class=\"wpcf7-form-control-wrap\" data-name=\"sujet\"><input size=\"40\" maxlength=\"400\" class=\"wpcf7-form-control wpcf7-text\" id=\"sujet\" aria-invalid=\"false\" placeholder=\"Sujeto\" value=\"\" type=\"text\" name=\"sujet\" \/><\/span><\/div><\/div>\n<\/div>\n\n<div class=\"form-group\"><label class=\"screen-reader-text\" for=\"message\">Mensaje<\/label><div class=\"input-item input-item-textarea ltn__custom-icon\"><span class=\"wpcf7-form-control-wrap\" data-name=\"message\"><textarea cols=\"40\" rows=\"10\" maxlength=\"2000\" class=\"wpcf7-form-control wpcf7-textarea\" id=\"message\" aria-invalid=\"false\" placeholder=\"Mensaje\" name=\"message\"><\/textarea><\/span><\/div><\/div>\n\n<p class=\"consentement\"><span class=\"wpcf7-form-control-wrap\" data-name=\"acceptance-consent\"><span class=\"wpcf7-form-control wpcf7-acceptance\"><span class=\"wpcf7-list-item\"><label><input type=\"checkbox\" name=\"acceptance-consent\" value=\"1\" aria-invalid=\"false\" \/><span class=\"wpcf7-list-item-label\">Acepto que la informaci\u00f3n ingresada ser\u00e1 registrada y utilizada para contactarme nuevamente. <span class=\"requis\">*<\/span><\/span><\/label><\/span><\/span><\/span><\/p>\n\n<span id=\"wpcf7-69f2c77f7d20a-wrapper\" class=\"wpcf7-form-control-wrap miel-985-wrap\" style=\"display:none !important; visibility:hidden !important;\"><label for=\"wpcf7-69f2c77f7d20a-field\" class=\"hp-message\">Veuillez laisser ce champ vide.<\/label><input id=\"wpcf7-69f2c77f7d20a-field\"  class=\"wpcf7-form-control wpcf7-text\" type=\"text\" name=\"miel-985\" value=\"\" size=\"40\" tabindex=\"-1\" autocomplete=\"new-password\" \/><\/span>\n\n<input class=\"wpcf7-form-control wpcf7-submit has-spinner wp-block-button__link\" type=\"submit\" value=\"Enviar\" \/>\n\n<p class=\"notice-rgpd\">Para conocer y ejercer sus derechos, en particular para retirar su consentimiento al uso de los datos recopilados mediante este formulario, consulte nuestra <a href=\"\/es\/politica-de-confidencialidad\/\">pol\u00edtica de confidencialidad<\/a>.<\/p><input type=\"text\" name=\"xqC0q\" value=\"\" style=\"display: none !important;\" \/><div class=\"wpcf7-response-output\" aria-hidden=\"true\"><\/div>\n<\/form>\n<\/div>\n<\/div>\n<\/div><\/div>\n\n\n\n<div style=\"height:3vw\" aria-hidden=\"true\" class=\"wp-block-spacer\"><\/div>\n<\/div><\/div>\n\n\n\n<div class=\"wp-block-group alignfull\"><div class=\"wp-block-group__inner-container is-layout-constrained wp-block-group-is-layout-constrained\">\n<div id=\"block-google-map-block_5b068eb88583b021ed87a432fd9c848a\" class=\"block-google-map\">\n\n\t\n\t\t<div class=\"acf-map\" data-zoom=\"11\">\n\t\t\t<div class=\"marker\" data-lat=\"43.3632586\" data-lng=\"6.3187291\"><\/div>\n\t\t<\/div>\n\n\t\n<\/div>\n<\/div><\/div>\n","protected":false},"excerpt":{"rendered":"<p>Contacta con nosotros Direcci\u00f3n La Pardigui\u00e8re, route des Mayons83340 Le Luc-en-Provence Tel\u00e9fono +33 (0)4 94 60 07 78+33 (0)6 18 56 67 02 E-mail chateau@demonpere.fr Venta en bodega \u2014 tienda Bodega de venta abierta de martes a s\u00e1badoLunes: con cita previaDe martes a s\u00e1bado, ambos incluidos: 10:00-12:30 \/ 14:00-18:00 Rellena el siguiente formulario y nos [&hellip;]<\/p>\n","protected":false},"author":1,"featured_media":0,"parent":0,"menu_order":0,"comment_status":"closed","ping_status":"closed","template":"templates\/template-contact.php","meta":{"_acf_changed":false,"_seopress_robots_primary_cat":"","_seopress_titles_title":"","_seopress_titles_desc":"","_seopress_robots_index":"","inline_featured_image":false,"footnotes":""},"class_list":["post-1900","page","type-page","status-publish","hentry"],"acf":[],"_links":{"self":[{"href":"https:\/\/www.chateau.demonpere.com\/es\/wp-json\/wp\/v2\/pages\/1900","targetHints":{"allow":["GET"]}}],"collection":[{"href":"https:\/\/www.chateau.demonpere.com\/es\/wp-json\/wp\/v2\/pages"}],"about":[{"href":"https:\/\/www.chateau.demonpere.com\/es\/wp-json\/wp\/v2\/types\/page"}],"author":[{"embeddable":true,"href":"https:\/\/www.chateau.demonpere.com\/es\/wp-json\/wp\/v2\/users\/1"}],"replies":[{"embeddable":true,"href":"https:\/\/www.chateau.demonpere.com\/es\/wp-json\/wp\/v2\/comments?post=1900"}],"version-history":[{"count":5,"href":"https:\/\/www.chateau.demonpere.com\/es\/wp-json\/wp\/v2\/pages\/1900\/revisions"}],"predecessor-version":[{"id":2957,"href":"https:\/\/www.chateau.demonpere.com\/es\/wp-json\/wp\/v2\/pages\/1900\/revisions\/2957"}],"wp:attachment":[{"href":"https:\/\/www.chateau.demonpere.com\/es\/wp-json\/wp\/v2\/media?parent=1900"}],"curies":[{"name":"wp","href":"https:\/\/api.w.org\/{rel}","templated":true}]}}