{"id":1904,"date":"2023-05-31T10:50:51","date_gmt":"2023-05-31T08:50:51","guid":{"rendered":"https:\/\/www.chateau.demonpere.com\/le-domaine\/"},"modified":"2025-06-24T13:46:35","modified_gmt":"2025-06-24T11:46:35","slug":"la-propiedad","status":"publish","type":"page","link":"https:\/\/www.chateau.demonpere.com\/es\/la-propiedad\/","title":{"rendered":"La propiedad"},"content":{"rendered":"\n<div id=\"block-hero-block_cd5db8eeada57b0904193aed31122ee7\" class=\"block-hero\">\n\n\t<div class=\"hero-image\">\n\n\t\t\t\t\t<figure class=\"\">\n\t\t\t\t<img fetchpriority=\"high\" decoding=\"async\" width=\"1920\" height=\"847\" src=\"https:\/\/www.chateau.demonpere.com\/wp-content\/uploads\/2023\/06\/hero-domaine.jpg\" class=\"attachment-full size-full\" alt=\"\" loading=\"eager\" srcset=\"https:\/\/www.chateau.demonpere.com\/wp-content\/uploads\/2023\/06\/hero-domaine.jpg 1920w, https:\/\/www.chateau.demonpere.com\/wp-content\/uploads\/2023\/06\/hero-domaine-314x139.jpg 314w, https:\/\/www.chateau.demonpere.com\/wp-content\/uploads\/2023\/06\/hero-domaine-456x201.jpg 456w, https:\/\/www.chateau.demonpere.com\/wp-content\/uploads\/2023\/06\/hero-domaine-300x132.jpg 300w, https:\/\/www.chateau.demonpere.com\/wp-content\/uploads\/2023\/06\/hero-domaine-1024x452.jpg 1024w, https:\/\/www.chateau.demonpere.com\/wp-content\/uploads\/2023\/06\/hero-domaine-768x339.jpg 768w, https:\/\/www.chateau.demonpere.com\/wp-content\/uploads\/2023\/06\/hero-domaine-1536x678.jpg 1536w\" sizes=\"(max-width: 1920px) 100vw, 1920px\" \/>\t\t\t<\/figure>\n\t\t\n\n\t\t\n\t\t\t\t\t<h1 class=\"overflow-title screen-reader-text\">La propiedad<\/h1>\n\t\t\n\t<\/div>\n\n\n\t\t\t<div class=\"inner-content\"> \n\t\t\t<div class=\"description\">Grandes vinos bio de c\u00f4tes de provence <br>y aceites de oliva de la propiedad<\/div>\n\t\t<\/div>\n\t\n\n<\/div>\n\n\n\n<div class=\"wp-block-group alignwide\"><div class=\"wp-block-group__inner-container is-layout-constrained wp-block-group-is-layout-constrained\">\n<div style=\"height:3rem\" aria-hidden=\"true\" class=\"wp-block-spacer\"><\/div>\n\n\n\n<h2 class=\"wp-block-heading has-text-align-center is-style-playfair-display has-huge-font-size\">Una tierra trabajada con respeto desde el siglo XV<\/h2>\n\n\n\n<p class=\"has-text-align-center is-style-limited-width\">Cuando G\u00e9raldine e Yves Journel compraron la propiedad en junio de 2011, la naturaleza estaba tan bien conservada que el lugar se denominaba \u00abLa peque\u00f1a sabana\u00bb.<br>Comenzaron entonces las obras de reestructuraci\u00f3n del vi\u00f1edo para poder extraer los mejores caldos. <br>La tierra se trabaj\u00f3 por franjas de 5 hect\u00e1reas cada a\u00f1o <br>y se plantaron nuevas vides y variedades. Con un objetivo principal: <br>el respeto por el espacio natural y el desarrollo sostenible.<\/p>\n\n\n\n<div style=\"height:3rem\" aria-hidden=\"true\" class=\"wp-block-spacer\"><\/div>\n<\/div><\/div>\n\n\n\n<div class=\"wp-block-media-text alignfull is-stacked-on-mobile has-blue-smoke-background-color has-background\"><figure class=\"wp-block-media-text__media\"><img loading=\"lazy\" decoding=\"async\" width=\"1024\" height=\"682\" src=\"https:\/\/www.chateau.demonpere.com\/wp-content\/uploads\/2023\/11\/CDMP-2018-HD-003-Grande-1024x682.jpeg\" alt=\"\" class=\"wp-image-1474 size-full\" srcset=\"https:\/\/www.chateau.demonpere.com\/wp-content\/uploads\/2023\/11\/CDMP-2018-HD-003-Grande-1024x682.jpeg 1024w, https:\/\/www.chateau.demonpere.com\/wp-content\/uploads\/2023\/11\/CDMP-2018-HD-003-Grande-314x209.jpeg 314w, https:\/\/www.chateau.demonpere.com\/wp-content\/uploads\/2023\/11\/CDMP-2018-HD-003-Grande-456x304.jpeg 456w, https:\/\/www.chateau.demonpere.com\/wp-content\/uploads\/2023\/11\/CDMP-2018-HD-003-Grande-300x200.jpeg 300w, https:\/\/www.chateau.demonpere.com\/wp-content\/uploads\/2023\/11\/CDMP-2018-HD-003-Grande-768x512.jpeg 768w, https:\/\/www.chateau.demonpere.com\/wp-content\/uploads\/2023\/11\/CDMP-2018-HD-003-Grande.jpeg 1280w\" sizes=\"auto, (max-width: 1024px) 100vw, 1024px\" \/><\/figure><div class=\"wp-block-media-text__content\">\n<div class=\"wp-block-group title-deco-4\"><div class=\"wp-block-group__inner-container is-layout-constrained wp-block-group-is-layout-constrained\">\n<p>Ch\u00e2teau<\/p>\n\n\n\n<p>Demonp\u00e8re<\/p>\n<\/div><\/div>\n\n\n\n<p class=\"is-style-default has-white-color has-text-color\">En paralelo, se renovaron el aprisco y los edificios agr\u00edcolas, <br>se acondicion\u00f3 el jard\u00edn y se instalaron obras de arte que ensalzasen la magia del lugar.<\/p>\n<\/div><\/div>\n\n\n\n<div class=\"wp-block-group alignfull has-blue-smoke-background-color has-background\"><div class=\"wp-block-group__inner-container is-layout-constrained wp-block-group-is-layout-constrained\">\n<figure class=\"wp-block-pullquote has-white-smoke-background-color has-background\"><blockquote><p>Un refugio de biodiversidad<\/p><\/blockquote><\/figure>\n<\/div><\/div>\n\n\n\n<div class=\"wp-block-group\"><div class=\"wp-block-group__inner-container is-layout-constrained wp-block-group-is-layout-constrained\">\n<div style=\"height:3rem\" aria-hidden=\"true\" class=\"wp-block-spacer\"><\/div>\n\n\n\n<p class=\"has-text-align-center is-style-limited-width\">Con 149 hect\u00e1reas de puro encanto, 32 de ellas de vi\u00f1edos, 17 de olivares y 100 de bosque mediterr\u00e1neo, <br>este espacio est\u00e1 protegido por su fauna y flora excepcionales. <br>En agosto de 2021, la explotaci\u00f3n obtuvo la menci\u00f3n \u00abAlto Valor Medioambiental\u00bb que reconoc\u00eda los esfuerzos realizados para proteger el ecosistema y la biodiversidad de la propiedad.<\/p>\n\n\n\n<div style=\"height:3rem\" aria-hidden=\"true\" class=\"wp-block-spacer\"><\/div>\n<\/div><\/div>\n\n\n\n<div class=\"wp-block-group has-white-background-color has-background\"><div class=\"wp-block-group__inner-container is-layout-constrained wp-block-group-is-layout-constrained\">\n<div style=\"height:3rem\" aria-hidden=\"true\" class=\"wp-block-spacer\"><\/div>\n\n\n\n<h2 class=\"wp-block-heading has-text-align-center is-style-allura has-semi-huge-font-size\">La propiedad en im\u00e1genes<\/h2>\n\n\n\n<div style=\"height:2rem\" aria-hidden=\"true\" class=\"wp-block-spacer\"><\/div>\n\n\n\n<p class=\"has-text-align-center is-style-limited-width\">Sum\u00e9rgete en el coraz\u00f3n de Ch\u00e2teau Demonp\u00e8re, una propiedad cultivada desde el siglo XV, a trav\u00e9s de las im\u00e1genes.<\/p>\n\n\n\n<div style=\"height:3rem\" aria-hidden=\"true\" class=\"wp-block-spacer\"><\/div>\n<\/div><\/div>\n\n\n\n<div id=\"block-carousel-block_1accb3cac94ac83ba186ceb50472290d\" class=\"block-carousel\">\n\n\t\n\t\t<div class=\"splide splide-carousel\">\n\n\t\t\t\n\t\t\t<div class=\"splide__track\">\n\t\t\t\t<div class=\"splide__list\">\n\n\t\t\t\t\t\n\t\t\t\t\t\t<div class=\"splide__slide\">\n\n\t\t\t\t\t\t\t\t\t\t\t\t\t\t\t<figure class=\"\">\n\t\t\t\t\t\t\t\t\t<img loading=\"lazy\" decoding=\"async\" width=\"1920\" height=\"803\" src=\"https:\/\/www.chateau.demonpere.com\/wp-content\/uploads\/2023\/12\/8f4389c1-b5f3-4d61-9a7d-35722032b53d.jpg\" class=\"attachment-full size-full\" alt=\"\" srcset=\"https:\/\/www.chateau.demonpere.com\/wp-content\/uploads\/2023\/12\/8f4389c1-b5f3-4d61-9a7d-35722032b53d.jpg 1920w, https:\/\/www.chateau.demonpere.com\/wp-content\/uploads\/2023\/12\/8f4389c1-b5f3-4d61-9a7d-35722032b53d-314x131.jpg 314w, https:\/\/www.chateau.demonpere.com\/wp-content\/uploads\/2023\/12\/8f4389c1-b5f3-4d61-9a7d-35722032b53d-456x191.jpg 456w, https:\/\/www.chateau.demonpere.com\/wp-content\/uploads\/2023\/12\/8f4389c1-b5f3-4d61-9a7d-35722032b53d-300x125.jpg 300w, https:\/\/www.chateau.demonpere.com\/wp-content\/uploads\/2023\/12\/8f4389c1-b5f3-4d61-9a7d-35722032b53d-1024x428.jpg 1024w, https:\/\/www.chateau.demonpere.com\/wp-content\/uploads\/2023\/12\/8f4389c1-b5f3-4d61-9a7d-35722032b53d-768x321.jpg 768w, https:\/\/www.chateau.demonpere.com\/wp-content\/uploads\/2023\/12\/8f4389c1-b5f3-4d61-9a7d-35722032b53d-1536x642.jpg 1536w\" sizes=\"auto, (max-width: 1920px) 100vw, 1920px\" \/>\t\t\t\t\t\t\t\t<\/figure>\n\t\t\t\t\t\t\t\n\t\t\t\t\t\t<\/div>\n\n\t\t\t\t\t\n\t\t\t\t\t\t<div class=\"splide__slide\">\n\n\t\t\t\t\t\t\t\t\t\t\t\t\t\t\t<figure class=\"\">\n\t\t\t\t\t\t\t\t\t<img loading=\"lazy\" decoding=\"async\" width=\"1920\" height=\"803\" src=\"https:\/\/www.chateau.demonpere.com\/wp-content\/uploads\/2023\/12\/1-1.jpg\" class=\"attachment-full size-full\" alt=\"\" srcset=\"https:\/\/www.chateau.demonpere.com\/wp-content\/uploads\/2023\/12\/1-1.jpg 1920w, https:\/\/www.chateau.demonpere.com\/wp-content\/uploads\/2023\/12\/1-1-314x131.jpg 314w, https:\/\/www.chateau.demonpere.com\/wp-content\/uploads\/2023\/12\/1-1-456x191.jpg 456w, https:\/\/www.chateau.demonpere.com\/wp-content\/uploads\/2023\/12\/1-1-300x125.jpg 300w, https:\/\/www.chateau.demonpere.com\/wp-content\/uploads\/2023\/12\/1-1-1024x428.jpg 1024w, https:\/\/www.chateau.demonpere.com\/wp-content\/uploads\/2023\/12\/1-1-768x321.jpg 768w, https:\/\/www.chateau.demonpere.com\/wp-content\/uploads\/2023\/12\/1-1-1536x642.jpg 1536w\" sizes=\"auto, (max-width: 1920px) 100vw, 1920px\" \/>\t\t\t\t\t\t\t\t<\/figure>\n\t\t\t\t\t\t\t\n\t\t\t\t\t\t<\/div>\n\n\t\t\t\t\t\n\t\t\t\t\t\t<div class=\"splide__slide\">\n\n\t\t\t\t\t\t\t\t\t\t\t\t\t\t\t<figure class=\"\">\n\t\t\t\t\t\t\t\t\t<img loading=\"lazy\" decoding=\"async\" width=\"1920\" height=\"803\" src=\"https:\/\/www.chateau.demonpere.com\/wp-content\/uploads\/2023\/12\/2.jpg\" class=\"attachment-full size-full\" alt=\"\" srcset=\"https:\/\/www.chateau.demonpere.com\/wp-content\/uploads\/2023\/12\/2.jpg 1920w, https:\/\/www.chateau.demonpere.com\/wp-content\/uploads\/2023\/12\/2-314x131.jpg 314w, https:\/\/www.chateau.demonpere.com\/wp-content\/uploads\/2023\/12\/2-456x191.jpg 456w, https:\/\/www.chateau.demonpere.com\/wp-content\/uploads\/2023\/12\/2-300x125.jpg 300w, https:\/\/www.chateau.demonpere.com\/wp-content\/uploads\/2023\/12\/2-1024x428.jpg 1024w, https:\/\/www.chateau.demonpere.com\/wp-content\/uploads\/2023\/12\/2-768x321.jpg 768w, https:\/\/www.chateau.demonpere.com\/wp-content\/uploads\/2023\/12\/2-1536x642.jpg 1536w\" sizes=\"auto, (max-width: 1920px) 100vw, 1920px\" \/>\t\t\t\t\t\t\t\t<\/figure>\n\t\t\t\t\t\t\t\n\t\t\t\t\t\t<\/div>\n\n\t\t\t\t\t\n\t\t\t\t\t\t<div class=\"splide__slide\">\n\n\t\t\t\t\t\t\t\t\t\t\t\t\t\t\t<figure class=\"\">\n\t\t\t\t\t\t\t\t\t<img loading=\"lazy\" decoding=\"async\" width=\"1920\" height=\"803\" src=\"https:\/\/www.chateau.demonpere.com\/wp-content\/uploads\/2023\/12\/4.jpg\" class=\"attachment-full size-full\" alt=\"\" srcset=\"https:\/\/www.chateau.demonpere.com\/wp-content\/uploads\/2023\/12\/4.jpg 1920w, https:\/\/www.chateau.demonpere.com\/wp-content\/uploads\/2023\/12\/4-314x131.jpg 314w, https:\/\/www.chateau.demonpere.com\/wp-content\/uploads\/2023\/12\/4-456x191.jpg 456w, https:\/\/www.chateau.demonpere.com\/wp-content\/uploads\/2023\/12\/4-300x125.jpg 300w, https:\/\/www.chateau.demonpere.com\/wp-content\/uploads\/2023\/12\/4-1024x428.jpg 1024w, https:\/\/www.chateau.demonpere.com\/wp-content\/uploads\/2023\/12\/4-768x321.jpg 768w, https:\/\/www.chateau.demonpere.com\/wp-content\/uploads\/2023\/12\/4-1536x642.jpg 1536w\" sizes=\"auto, (max-width: 1920px) 100vw, 1920px\" \/>\t\t\t\t\t\t\t\t<\/figure>\n\t\t\t\t\t\t\t\n\t\t\t\t\t\t<\/div>\n\n\t\t\t\t\t\n\t\t\t\t\t\t<div class=\"splide__slide\">\n\n\t\t\t\t\t\t\t\t\t\t\t\t\t\t\t<figure class=\"\">\n\t\t\t\t\t\t\t\t\t<img loading=\"lazy\" decoding=\"async\" width=\"1920\" height=\"803\" src=\"https:\/\/www.chateau.demonpere.com\/wp-content\/uploads\/2023\/12\/3.jpg\" class=\"attachment-full size-full\" alt=\"\" srcset=\"https:\/\/www.chateau.demonpere.com\/wp-content\/uploads\/2023\/12\/3.jpg 1920w, https:\/\/www.chateau.demonpere.com\/wp-content\/uploads\/2023\/12\/3-314x131.jpg 314w, https:\/\/www.chateau.demonpere.com\/wp-content\/uploads\/2023\/12\/3-456x191.jpg 456w, https:\/\/www.chateau.demonpere.com\/wp-content\/uploads\/2023\/12\/3-300x125.jpg 300w, https:\/\/www.chateau.demonpere.com\/wp-content\/uploads\/2023\/12\/3-1024x428.jpg 1024w, https:\/\/www.chateau.demonpere.com\/wp-content\/uploads\/2023\/12\/3-768x321.jpg 768w, https:\/\/www.chateau.demonpere.com\/wp-content\/uploads\/2023\/12\/3-1536x642.jpg 1536w\" sizes=\"auto, (max-width: 1920px) 100vw, 1920px\" \/>\t\t\t\t\t\t\t\t<\/figure>\n\t\t\t\t\t\t\t\n\t\t\t\t\t\t<\/div>\n\n\t\t\t\t\t\n\t\t\t\t\t\t<div class=\"splide__slide\">\n\n\t\t\t\t\t\t\t\t\t\t\t\t\t\t\t<figure class=\"\">\n\t\t\t\t\t\t\t\t\t<img loading=\"lazy\" decoding=\"async\" width=\"1920\" height=\"803\" src=\"https:\/\/www.chateau.demonpere.com\/wp-content\/uploads\/2023\/12\/5.jpg\" class=\"attachment-full size-full\" alt=\"\" srcset=\"https:\/\/www.chateau.demonpere.com\/wp-content\/uploads\/2023\/12\/5.jpg 1920w, https:\/\/www.chateau.demonpere.com\/wp-content\/uploads\/2023\/12\/5-314x131.jpg 314w, https:\/\/www.chateau.demonpere.com\/wp-content\/uploads\/2023\/12\/5-456x191.jpg 456w, https:\/\/www.chateau.demonpere.com\/wp-content\/uploads\/2023\/12\/5-300x125.jpg 300w, https:\/\/www.chateau.demonpere.com\/wp-content\/uploads\/2023\/12\/5-1024x428.jpg 1024w, https:\/\/www.chateau.demonpere.com\/wp-content\/uploads\/2023\/12\/5-768x321.jpg 768w, https:\/\/www.chateau.demonpere.com\/wp-content\/uploads\/2023\/12\/5-1536x642.jpg 1536w\" sizes=\"auto, (max-width: 1920px) 100vw, 1920px\" \/>\t\t\t\t\t\t\t\t<\/figure>\n\t\t\t\t\t\t\t\n\t\t\t\t\t\t<\/div>\n\n\t\t\t\t\t\n\t\t\t\t\t\t<div class=\"splide__slide\">\n\n\t\t\t\t\t\t\t\t\t\t\t\t\t\t\t<figure class=\"\">\n\t\t\t\t\t\t\t\t\t<img loading=\"lazy\" decoding=\"async\" width=\"1920\" height=\"803\" src=\"https:\/\/www.chateau.demonpere.com\/wp-content\/uploads\/2023\/12\/6.jpg\" class=\"attachment-full size-full\" alt=\"\" srcset=\"https:\/\/www.chateau.demonpere.com\/wp-content\/uploads\/2023\/12\/6.jpg 1920w, https:\/\/www.chateau.demonpere.com\/wp-content\/uploads\/2023\/12\/6-314x131.jpg 314w, https:\/\/www.chateau.demonpere.com\/wp-content\/uploads\/2023\/12\/6-456x191.jpg 456w, https:\/\/www.chateau.demonpere.com\/wp-content\/uploads\/2023\/12\/6-300x125.jpg 300w, https:\/\/www.chateau.demonpere.com\/wp-content\/uploads\/2023\/12\/6-1024x428.jpg 1024w, https:\/\/www.chateau.demonpere.com\/wp-content\/uploads\/2023\/12\/6-768x321.jpg 768w, https:\/\/www.chateau.demonpere.com\/wp-content\/uploads\/2023\/12\/6-1536x642.jpg 1536w\" sizes=\"auto, (max-width: 1920px) 100vw, 1920px\" \/>\t\t\t\t\t\t\t\t<\/figure>\n\t\t\t\t\t\t\t\n\t\t\t\t\t\t<\/div>\n\n\t\t\t\t\t\n\t\t\t\t<\/div>\n\t\t\t<\/div>\n\t\t<\/div>\n\n\t\t<script type=\"text\/javascript\">\n\t\t\tdocument.addEventListener(\"DOMContentLoaded\", function(event) {\n\n\t\t\t\tvar splide_carousel = new Splide( '.splide-carousel', {\n\t\t\t\t\ttype   : 'loop',\n\t\t\t\t\tperPage: 1,\n\t\t\t\t\tperMove: 1,\n\t\t\t\t\tautoplay: true,\n\t\t\t\t\tspeed: number = 300,\n\t\t\t\t\tinterval: number = 5000,\n\t\t\t\t\tpagination: true,\n\t\t\t\t\tarrows: false,\n\t\t\t\t} );\n\n\t\t\t\tsplide_carousel.mount();\n\n\t\t\t});\n\t\t<\/script>\n\n\t\n<\/div>\n","protected":false},"excerpt":{"rendered":"<p>Una tierra trabajada con respeto desde el siglo XV Cuando G\u00e9raldine e Yves Journel compraron la propiedad en junio de 2011, la naturaleza estaba tan bien conservada que el lugar se denominaba \u00abLa peque\u00f1a sabana\u00bb.Comenzaron entonces las obras de reestructuraci\u00f3n del vi\u00f1edo para poder extraer los mejores caldos. La tierra se trabaj\u00f3 por franjas de [&hellip;]<\/p>\n","protected":false},"author":1,"featured_media":0,"parent":0,"menu_order":0,"comment_status":"closed","ping_status":"closed","template":"","meta":{"_acf_changed":false,"_seopress_robots_primary_cat":"","_seopress_titles_title":"","_seopress_titles_desc":"","_seopress_robots_index":"","inline_featured_image":false,"footnotes":""},"class_list":["post-1904","page","type-page","status-publish","hentry"],"acf":[],"_links":{"self":[{"href":"https:\/\/www.chateau.demonpere.com\/es\/wp-json\/wp\/v2\/pages\/1904","targetHints":{"allow":["GET"]}}],"collection":[{"href":"https:\/\/www.chateau.demonpere.com\/es\/wp-json\/wp\/v2\/pages"}],"about":[{"href":"https:\/\/www.chateau.demonpere.com\/es\/wp-json\/wp\/v2\/types\/page"}],"author":[{"embeddable":true,"href":"https:\/\/www.chateau.demonpere.com\/es\/wp-json\/wp\/v2\/users\/1"}],"replies":[{"embeddable":true,"href":"https:\/\/www.chateau.demonpere.com\/es\/wp-json\/wp\/v2\/comments?post=1904"}],"version-history":[{"count":5,"href":"https:\/\/www.chateau.demonpere.com\/es\/wp-json\/wp\/v2\/pages\/1904\/revisions"}],"predecessor-version":[{"id":3046,"href":"https:\/\/www.chateau.demonpere.com\/es\/wp-json\/wp\/v2\/pages\/1904\/revisions\/3046"}],"wp:attachment":[{"href":"https:\/\/www.chateau.demonpere.com\/es\/wp-json\/wp\/v2\/media?parent=1904"}],"curies":[{"name":"wp","href":"https:\/\/api.w.org\/{rel}","templated":true}]}}