{"id":1907,"date":"2023-06-05T15:20:48","date_gmt":"2023-06-05T13:20:48","guid":{"rendered":"https:\/\/www.chateau.demonpere.com\/mentions-legales\/"},"modified":"2024-02-07T16:25:39","modified_gmt":"2024-02-07T15:25:39","slug":"notas-legales","status":"publish","type":"page","link":"https:\/\/www.chateau.demonpere.com\/es\/notas-legales\/","title":{"rendered":"Notas legales"},"content":{"rendered":"\n<h1 class=\"wp-block-heading\">Notas legales<\/h1>\n\n\n\n<h2 class=\"wp-block-heading\">Raz\u00f3n social<\/h2>\n\n\n\n<p>SAS CHATEAU DEMONPERE<br>La Pardigui\u00e8re, Route des Mayons\u2013 83 340 Le Luc en Provence<br>Capital social de 4 550 000\u20ac euros<br>SIRET: 533 060 885 0027<br>APE: 0121Z<\/p>\n\n\n\n<h2 class=\"wp-block-heading\">Detalles de contacto<\/h2>\n\n\n\n<p>Tel\u00e9fono:&nbsp;09 722 500 69<\/p>\n\n\n\n<h2 class=\"wp-block-heading\">Responsable de la publicaci\u00f3n<\/h2>\n\n\n\n<p>CHENEVAS-PAULE Anne<br>chateau@demonpere.fr<\/p>\n\n\n\n<h2 class=\"wp-block-heading\">Alojamiento del sitio<\/h2>\n\n\n\n<p>H\u00e9bergeur : serveur OVH d\u00e9di\u00e9 par ComDZ<br>2 rue Kellerman<br>Roubaix \u2013 France<br>Site Web : https:\/\/www.ovh.com\/<\/p>\n\n\n\n<h2 class=\"wp-block-heading\">Creaci\u00f3n y desarrollo<\/h2>\n\n\n\n<p>Agencia ComDZ<br>Direcci\u00f3n: 331 avenue du docteur Julien Lefebvre \u2013 Villeneuve-Loubet<br>Tel\u00e9fono: 04 93 34 18 68<br>Sitio web: www.comdz.fr<\/p>\n\n\n\n<h2 class=\"wp-block-heading\">Cr\u00e9ditos fotogr\u00e1ficos<\/h2>\n\n\n\n<p>Los elementos visuales integrados en este sitio fueron creados por la agencia ComDZ. Ciertos elementos visuales tambi\u00e9n pueden proceder del banco de im\u00e1genes Istock y de la empresa SAS CHATEAU DEMONPERE (cr\u00e9dito de la foto: Herv\u00e9 Fabre).<\/p>\n\n\n\n<h2 class=\"wp-block-heading\">Advertencia<\/h2>\n\n\n\n<p>EL www.chateau.demonpere.com son indicativos y no contractuales. Nos esforzamos por garantizar la exactitud y actualizaci\u00f3n de la informaci\u00f3n publicada en este sitio, cuyo contenido nos reservamos el derecho de corregir en cualquier momento y sin previo aviso. Este contenido no es exhaustivo. La empresa SAS CHATEAU informaci\u00f3n contenido seguro EL sitio DEMONPERE declina toda responsabilidad en caso de error, inexactitud u omisi\u00f3n en esta informaci\u00f3n..<\/p>\n\n\n\n<h2 class=\"wp-block-heading\">Derecho de propiedad<\/h2>\n\n\n\n<p>El sitio y los distintos elementos que lo componen se encuentran protegidos por las leyes de propiedad intelectual e industrial. En consecuencia, cualquier representaci\u00f3n, cualquier reproducci\u00f3n y, en general, cualquier explotaci\u00f3n, por cualquier procedimiento, de todo o parte del sitio (su estructura general, fotograf\u00edas, informaciones, iconos, logotipos, gr\u00e1ficos que all\u00ed aparecen), sin la autorizaci\u00f3n previa por escrito de La sociedad SAS CHATEAU DEMONPERE est\u00e1 estrictamente prohibida. La informaci\u00f3n contenida en el sitio est\u00e1 reservada exclusivamente para uso privado. La reproducci\u00f3n de cualquier documento publicado en el sitio www.chateau.demonpere.com y el uso de las copias realizadas s\u00f3lo est\u00e1 autorizada con fines informativos para uso personal y privado.<\/p>\n","protected":false},"excerpt":{"rendered":"<p>Notas legales Raz\u00f3n social SAS CHATEAU DEMONPERELa Pardigui\u00e8re, Route des Mayons\u2013 83 340 Le Luc en ProvenceCapital social de 4 550 000\u20ac eurosSIRET: 533 060 885 0027APE: 0121Z Detalles de contacto Tel\u00e9fono:&nbsp;09 722 500 69 Responsable de la publicaci\u00f3n CHENEVAS-PAULE Annechateau@demonpere.fr Alojamiento del sitio H\u00e9bergeur : serveur OVH d\u00e9di\u00e9 par ComDZ2 rue KellermanRoubaix \u2013 FranceSite [&hellip;]<\/p>\n","protected":false},"author":1,"featured_media":0,"parent":0,"menu_order":0,"comment_status":"closed","ping_status":"closed","template":"templates\/template-legal.php","meta":{"_acf_changed":false,"_seopress_robots_primary_cat":"","_seopress_titles_title":"","_seopress_titles_desc":"","_seopress_robots_index":"","inline_featured_image":false,"footnotes":""},"class_list":["post-1907","page","type-page","status-publish","hentry"],"acf":[],"_links":{"self":[{"href":"https:\/\/www.chateau.demonpere.com\/es\/wp-json\/wp\/v2\/pages\/1907","targetHints":{"allow":["GET"]}}],"collection":[{"href":"https:\/\/www.chateau.demonpere.com\/es\/wp-json\/wp\/v2\/pages"}],"about":[{"href":"https:\/\/www.chateau.demonpere.com\/es\/wp-json\/wp\/v2\/types\/page"}],"author":[{"embeddable":true,"href":"https:\/\/www.chateau.demonpere.com\/es\/wp-json\/wp\/v2\/users\/1"}],"replies":[{"embeddable":true,"href":"https:\/\/www.chateau.demonpere.com\/es\/wp-json\/wp\/v2\/comments?post=1907"}],"version-history":[{"count":5,"href":"https:\/\/www.chateau.demonpere.com\/es\/wp-json\/wp\/v2\/pages\/1907\/revisions"}],"predecessor-version":[{"id":2307,"href":"https:\/\/www.chateau.demonpere.com\/es\/wp-json\/wp\/v2\/pages\/1907\/revisions\/2307"}],"wp:attachment":[{"href":"https:\/\/www.chateau.demonpere.com\/es\/wp-json\/wp\/v2\/media?parent=1907"}],"curies":[{"name":"wp","href":"https:\/\/api.w.org\/{rel}","templated":true}]}}