{"id":2089,"date":"2023-07-03T10:59:17","date_gmt":"2023-07-03T08:59:17","guid":{"rendered":"https:\/\/www.chateau.demonpere.com\/produit\/chateau-demonpere-rouge-a-o-p-cotes-de-provence-2021\/"},"modified":"2026-03-13T14:58:22","modified_gmt":"2026-03-13T13:58:22","slug":"chateau-demonpere-tinto-a-o-p-cotes-de-provence-2021","status":"publish","type":"product","link":"https:\/\/www.chateau.demonpere.com\/es\/producto\/chateau-demonpere-tinto-a-o-p-cotes-de-provence-2021\/","title":{"rendered":"Ch\u00e2teau Demonp\u00e8re \u2013 Tinto \u2013 A.O.P. C\u00f4tes de Provence \u2013 2021 Magnum"},"content":{"rendered":"<p>El Cuv\u00e9e Prestige 2021 de Ch\u00e2teau Demonp\u00e8re es un vino de color rojo-negro que ofrece aromas de frutos rojos (mora, cereza y mermelada de guinda), un toque mentolado y efluvios\u00a0de \u00abgarriga\u00bb.<\/p>\n<p>La toma en boca es potente con una buena estructura de taninos, tan presentes como sedosos: un ataque marcado por la fruta que revela especias, cacao mentolado y, al final, notas de romero.<\/p>\n<p>Mucho volumen y una buena longitud (madera).<\/p>\n<p>La Cabernet Sauvignon recogida en la propiedad aporta complejidad al ensamblaje y se mezcla sutilmente con la Syrah, preponderante, y la Grenache.<\/p>\n<p>Un tinto que se disfruta tanto con carnes como con quesos, platos con salsas y postres con chocolate.<\/p>\n<p>Crianza: 1 a\u00f1o \u2013 Barricas de roble (20 %) y cubas de acero inoxidable<\/p>\n<p>Vino procedente de la agricultura biol\u00f3gica certificada Ecocert. Certificaci\u00f3n Equivalente al N.O.P. Ecocert. 100 % de la tierra.<\/p>\n<p>Embotellado en el Ch\u00e2teau el 17 de enero de 2023.<br \/>\nVariedades: Syrah (60 %), Grenache (20 %), Cabernet Sauvignon (20 %).<br \/>\n14 % Vol.<\/p>\n<p>Tapones de corcho natural.<br \/>\nBotella elegante de gama alta Saver Glass de color Antique, boca plana.<br \/>\nEtiqueta de papel \u00abSnow Vergata\u00bb, impresor tradicional franc\u00e9s.<\/p>\n<p>Nuestra recomendaci\u00f3n: Abrir la botella una hora antes de consumirla<\/p>\n","protected":false},"excerpt":{"rendered":"<p>El Cuv\u00e9e Prestige 2021 de Ch\u00e2teau Demonp\u00e8re es un vino de color rojo-negro que ofrece aromas de frutos rojos (mora, cereza y mermelada de guinda), un toque mentolado y efluvios\u00a0de \u00abgarriga\u00bb. La toma en boca es potente con una buena estructura de taninos, tan presentes como sedosos: un ataque marcado por la fruta que revela [&hellip;]<\/p>\n","protected":false},"featured_media":2290,"comment_status":"open","ping_status":"closed","template":"","meta":{"_acf_changed":false,"_seopress_robots_primary_cat":"none","_seopress_titles_title":"","_seopress_titles_desc":"","_seopress_robots_index":"","inline_featured_image":false},"product_brand":[],"product_cat":[105,101],"product_tag":[],"product_label":[],"class_list":{"0":"post-2089","1":"product","2":"type-product","3":"status-publish","4":"has-post-thumbnail","6":"product_cat-a-o-p-cote-de-provence-rouge-es","7":"product_cat-nuestros-vinos","9":"first","10":"instock","11":"featured","12":"taxable","13":"shipping-taxable","14":"purchasable","15":"product-type-variable","16":"has-default-attributes"},"acf":[],"_links":{"self":[{"href":"https:\/\/www.chateau.demonpere.com\/es\/wp-json\/wp\/v2\/product\/2089","targetHints":{"allow":["GET"]}}],"collection":[{"href":"https:\/\/www.chateau.demonpere.com\/es\/wp-json\/wp\/v2\/product"}],"about":[{"href":"https:\/\/www.chateau.demonpere.com\/es\/wp-json\/wp\/v2\/types\/product"}],"replies":[{"embeddable":true,"href":"https:\/\/www.chateau.demonpere.com\/es\/wp-json\/wp\/v2\/comments?post=2089"}],"wp:featuredmedia":[{"embeddable":true,"href":"https:\/\/www.chateau.demonpere.com\/es\/wp-json\/wp\/v2\/media\/2290"}],"wp:attachment":[{"href":"https:\/\/www.chateau.demonpere.com\/es\/wp-json\/wp\/v2\/media?parent=2089"}],"wp:term":[{"taxonomy":"product_brand","embeddable":true,"href":"https:\/\/www.chateau.demonpere.com\/es\/wp-json\/wp\/v2\/product_brand?post=2089"},{"taxonomy":"product_cat","embeddable":true,"href":"https:\/\/www.chateau.demonpere.com\/es\/wp-json\/wp\/v2\/product_cat?post=2089"},{"taxonomy":"product_tag","embeddable":true,"href":"https:\/\/www.chateau.demonpere.com\/es\/wp-json\/wp\/v2\/product_tag?post=2089"},{"taxonomy":"product_label","embeddable":true,"href":"https:\/\/www.chateau.demonpere.com\/es\/wp-json\/wp\/v2\/product_label?post=2089"}],"curies":[{"name":"wp","href":"https:\/\/api.w.org\/{rel}","templated":true}]}}