{"id":2785,"date":"2025-03-03T15:11:30","date_gmt":"2025-03-03T14:11:30","guid":{"rendered":"https:\/\/www.chateau.demonpere.com\/?post_type=product&#038;p=2785"},"modified":"2025-07-08T17:28:33","modified_gmt":"2025-07-08T15:28:33","slug":"chateau-demonpere-tinto-cuvee-prestige-a-o-p-cotes-de-provence-2023","status":"publish","type":"product","link":"https:\/\/www.chateau.demonpere.com\/es\/producto\/chateau-demonpere-tinto-cuvee-prestige-a-o-p-cotes-de-provence-2023\/","title":{"rendered":"Ch\u00e2teau Demonp\u00e8re \u2013 Tinto Cuv\u00e9e Prestige \u2013 A.O.P. C\u00f4tes de Provence \u2013 2023"},"content":{"rendered":"<p>El Cuv\u00e9e Prestige 2023 de Ch\u00e2teau Demonp\u00e8re es un vino de color rojo-negro que ofrece aromas de frutos rojos (mora, cereza y mermelada de guinda), un toque mentolado y efluvios\u00a0de \u00abgarriga\u00bb.<\/p>\n<p>La toma en boca es potente con una buena estructura de taninos, tan presentes como sedosos: un ataque marcado por la fruta que revela especias, cacao mentolado y, al final, notas de romero.<\/p>\n<p>Mucho volumen y una buena longitud (madera).<\/p>\n<p>La Cabernet Sauvignon recogida en la propiedad aporta complejidad al ensamblaje y se mezcla sutilmente con la Syrah, preponderante, y la Grenache.<\/p>\n<p>Un tinto que se disfruta tanto con carnes como con quesos, platos con salsas y postres con chocolate.<\/p>\n<p>Crianza: 1 a\u00f1o \u2013 Cubas de acero inoxidable<\/p>\n<p>Vino procedente de la agricultura biol\u00f3gica certificada Ecocert. Certificaci\u00f3n Equivalente al N.O.P. Ecocert. 100 % de la tierra.<\/p>\n<p>Embotellado en el Ch\u00e2teau el 30 de enero de 2025.<br \/>\nVariedades: Syrah (60 %), Grenache (20 %), Cabernet Sauvignon (20 %).<br \/>\n13,5 % Vol.<\/p>\n<p>Tapones de corcho natural.<br \/>\nBotella elegante de gama alta Saver Glass de color Antique, boca plana.<br \/>\nEtiqueta de papel \u00abSnow Vergata\u00bb, impresor tradicional franc\u00e9s.<\/p>\n<p>Nuestra recomendaci\u00f3n: Abrir la botella una hora antes de consumirla<\/p>\n","protected":false},"excerpt":{"rendered":"<p>El Cuv\u00e9e Prestige 2023 de Ch\u00e2teau Demonp\u00e8re es un vino de color rojo-negro que ofrece aromas de frutos rojos (mora, cereza y mermelada de guinda), un toque mentolado y efluvios\u00a0de \u00abgarriga\u00bb. La toma en boca es potente con una buena estructura de taninos, tan presentes como sedosos: un ataque marcado por la fruta que revela [&hellip;]<\/p>\n","protected":false},"featured_media":4916,"comment_status":"open","ping_status":"closed","template":"","meta":{"_acf_changed":false,"_seopress_robots_primary_cat":"none","_seopress_titles_title":"","_seopress_titles_desc":"","_seopress_robots_index":"","inline_featured_image":false},"product_brand":[],"product_cat":[105,101],"product_tag":[],"product_label":[],"class_list":{"0":"post-2785","1":"product","2":"type-product","3":"status-publish","4":"has-post-thumbnail","6":"product_cat-a-o-p-cote-de-provence-rouge-es","7":"product_cat-nuestros-vinos","9":"first","10":"instock","11":"featured","12":"taxable","13":"shipping-taxable","14":"purchasable","15":"product-type-variable","16":"has-default-attributes"},"acf":[],"_links":{"self":[{"href":"https:\/\/www.chateau.demonpere.com\/es\/wp-json\/wp\/v2\/product\/2785","targetHints":{"allow":["GET"]}}],"collection":[{"href":"https:\/\/www.chateau.demonpere.com\/es\/wp-json\/wp\/v2\/product"}],"about":[{"href":"https:\/\/www.chateau.demonpere.com\/es\/wp-json\/wp\/v2\/types\/product"}],"replies":[{"embeddable":true,"href":"https:\/\/www.chateau.demonpere.com\/es\/wp-json\/wp\/v2\/comments?post=2785"}],"wp:featuredmedia":[{"embeddable":true,"href":"https:\/\/www.chateau.demonpere.com\/es\/wp-json\/wp\/v2\/media\/4916"}],"wp:attachment":[{"href":"https:\/\/www.chateau.demonpere.com\/es\/wp-json\/wp\/v2\/media?parent=2785"}],"wp:term":[{"taxonomy":"product_brand","embeddable":true,"href":"https:\/\/www.chateau.demonpere.com\/es\/wp-json\/wp\/v2\/product_brand?post=2785"},{"taxonomy":"product_cat","embeddable":true,"href":"https:\/\/www.chateau.demonpere.com\/es\/wp-json\/wp\/v2\/product_cat?post=2785"},{"taxonomy":"product_tag","embeddable":true,"href":"https:\/\/www.chateau.demonpere.com\/es\/wp-json\/wp\/v2\/product_tag?post=2785"},{"taxonomy":"product_label","embeddable":true,"href":"https:\/\/www.chateau.demonpere.com\/es\/wp-json\/wp\/v2\/product_label?post=2785"}],"curies":[{"name":"wp","href":"https:\/\/api.w.org\/{rel}","templated":true}]}}