{"id":2819,"date":"2025-03-03T15:39:28","date_gmt":"2025-03-03T14:39:28","guid":{"rendered":"https:\/\/www.chateau.demonpere.com\/?post_type=product&#038;p=2819"},"modified":"2026-03-13T14:33:29","modified_gmt":"2026-03-13T13:33:29","slug":"chateau-demonpere-rosado-son-a-o-p-cotes-de-provence-2024","status":"publish","type":"product","link":"https:\/\/www.chateau.demonpere.com\/es\/producto\/chateau-demonpere-rosado-son-a-o-p-cotes-de-provence-2024\/","title":{"rendered":"Ch\u00e2teau Demonp\u00e8re \u2013 Rosado Le Jour J\u2013 A.O.P. C\u00f4tes de Provence \u2013 2025"},"content":{"rendered":"<p>El Cuv\u00e9e Le Jour J Rosado 2025 de Ch\u00e2teau Demonp\u00e8re presenta un precioso color rosa p\u00e1lido, ofrece una nariz muy golosa y expresiva.<br \/>\nEn boca es igual de delicioso y picante con notas de dulces ingleses: ataque franco, hermosa vivacidad, frescura y longitud son evidentes luego se revela la fruta (melocot\u00f3n de vid, albaricoque).<br \/>\nEste rosado agradable te deleitar\u00e1 con numerosos platos de verano y de todo el a\u00f1o (carnes a la brasa, quesos, frutas, etc.):<br \/>\n\u201cUna sinfon\u00eda para el paladar\u201d<\/p>\n<p>Vino procedente de agricultura ecol\u00f3gica certificado Ecocert.<br \/>\n100% terru\u00f1o.<br \/>\nVino de finca certificada HVE a 30\/08\/2021: Alto Valor Ambiental<\/p>\n<p>Variedades de uva: Grenache (30%), Cinsault (30%), Syrah (15%), Mourv\u00e8dre (15%), Rolle (10%).<br \/>\n12.5% Vol.<\/p>\n<p>Tapones de corcho Diam T\u00e9cnico.<br \/>\nElegante botella de 75 cl, aro plano.<\/p>\n<p>Almacenar lejos del calor &#8211; Comer fresco<\/p>\n<p>Nota: El dep\u00f3sito de cristales de sarro es posible y normal (natural) y no altera en ning\u00fan caso la calidad del vino.<\/p>\n","protected":false},"excerpt":{"rendered":"<p>El Cuv\u00e9e Le Jour J Rosado 2025 de Ch\u00e2teau Demonp\u00e8re presenta un precioso color rosa p\u00e1lido, ofrece una nariz muy golosa y expresiva. En boca es igual de delicioso y picante con notas de dulces ingleses: ataque franco, hermosa vivacidad, frescura y longitud son evidentes luego se revela la fruta (melocot\u00f3n de vid, albaricoque). Este [&hellip;]<\/p>\n","protected":false},"featured_media":4934,"comment_status":"open","ping_status":"closed","template":"","meta":{"_acf_changed":false,"_seopress_robots_primary_cat":"none","_seopress_titles_title":"","_seopress_titles_desc":"","_seopress_robots_index":"","inline_featured_image":false},"product_brand":[],"product_cat":[104,101],"product_tag":[],"product_label":[],"class_list":{"0":"post-2819","1":"product","2":"type-product","3":"status-publish","4":"has-post-thumbnail","6":"product_cat-a-o-p-cote-de-provence-rose-es","7":"product_cat-nuestros-vinos","9":"first","10":"instock","11":"taxable","12":"shipping-taxable","13":"purchasable","14":"product-type-simple"},"acf":[],"_links":{"self":[{"href":"https:\/\/www.chateau.demonpere.com\/es\/wp-json\/wp\/v2\/product\/2819","targetHints":{"allow":["GET"]}}],"collection":[{"href":"https:\/\/www.chateau.demonpere.com\/es\/wp-json\/wp\/v2\/product"}],"about":[{"href":"https:\/\/www.chateau.demonpere.com\/es\/wp-json\/wp\/v2\/types\/product"}],"replies":[{"embeddable":true,"href":"https:\/\/www.chateau.demonpere.com\/es\/wp-json\/wp\/v2\/comments?post=2819"}],"wp:featuredmedia":[{"embeddable":true,"href":"https:\/\/www.chateau.demonpere.com\/es\/wp-json\/wp\/v2\/media\/4934"}],"wp:attachment":[{"href":"https:\/\/www.chateau.demonpere.com\/es\/wp-json\/wp\/v2\/media?parent=2819"}],"wp:term":[{"taxonomy":"product_brand","embeddable":true,"href":"https:\/\/www.chateau.demonpere.com\/es\/wp-json\/wp\/v2\/product_brand?post=2819"},{"taxonomy":"product_cat","embeddable":true,"href":"https:\/\/www.chateau.demonpere.com\/es\/wp-json\/wp\/v2\/product_cat?post=2819"},{"taxonomy":"product_tag","embeddable":true,"href":"https:\/\/www.chateau.demonpere.com\/es\/wp-json\/wp\/v2\/product_tag?post=2819"},{"taxonomy":"product_label","embeddable":true,"href":"https:\/\/www.chateau.demonpere.com\/es\/wp-json\/wp\/v2\/product_label?post=2819"}],"curies":[{"name":"wp","href":"https:\/\/api.w.org\/{rel}","templated":true}]}}