{"id":2930,"date":"2025-05-15T15:43:36","date_gmt":"2025-05-15T13:43:36","guid":{"rendered":"https:\/\/www.chateau.demonpere.com\/?post_type=product&#038;p=2930"},"modified":"2026-03-13T14:38:11","modified_gmt":"2026-03-13T13:38:11","slug":"chateau-demonpere-blanco-son-a-o-p-cotes-de-provence-2024","status":"publish","type":"product","link":"https:\/\/www.chateau.demonpere.com\/es\/producto\/chateau-demonpere-blanco-son-a-o-p-cotes-de-provence-2024\/","title":{"rendered":"Ch\u00e2teau Demonp\u00e8re \u2013 Blanco Le Jour J \u2013 A.O.P. C\u00f4tes de Provence \u2013 2025"},"content":{"rendered":"<p>La Cuv\u00e9e Le Jour J Blanc 2025 de Ch\u00e2teau Demonp\u00e8re presenta un hermoso color dorado p\u00e1lido y ofrece una nariz muy fresca y t\u00f3nica.<\/p>\n<p>En boca es completamente goloso, con notas frescas de c\u00edtricos que destacan (pomelo, lima y lim\u00f3n).<\/p>\n<p>Este vino blanco, lleno de vivacidad y energ\u00eda, seducir\u00e1 acompa\u00f1ando numerosos platos de verano (parrilladas, quesos, frutas, etc.).<br \/>\nUna sinfon\u00eda de placer para el paladar.<\/p>\n<p><strong>Vino procedente de agricultura ecol\u00f3gica certificada por Ecocert.<\/strong><\/p>\n<p><strong>Vino procedente de una explotaci\u00f3n agr\u00edcola con certificaci\u00f3n HVE del 30\/08\/2021:<\/strong><strong>\u00a0alto valor medioambiental\u00a0(HVE)<\/strong><\/p>\n<p><u>Variedades de uvas<\/u>: Rolle (100 %),<\/p>\n<p>12.5% de alcohol<\/p>\n<p>Diam corchos tecnicos hechos con alcornoque de Francia<\/p>\n","protected":false},"excerpt":{"rendered":"<p>La Cuv\u00e9e Le Jour J Blanc 2025 de Ch\u00e2teau Demonp\u00e8re presenta un hermoso color dorado p\u00e1lido y ofrece una nariz muy fresca y t\u00f3nica. En boca es completamente goloso, con notas frescas de c\u00edtricos que destacan (pomelo, lima y lim\u00f3n). Este vino blanco, lleno de vivacidad y energ\u00eda, seducir\u00e1 acompa\u00f1ando numerosos platos de verano (parrilladas, [&hellip;]<\/p>\n","protected":false},"featured_media":4928,"comment_status":"open","ping_status":"closed","template":"","meta":{"_acf_changed":false,"_seopress_robots_primary_cat":"none","_seopress_titles_title":"","_seopress_titles_desc":"","_seopress_robots_index":"","inline_featured_image":false},"product_brand":[],"product_cat":[103,101],"product_tag":[],"product_label":[],"class_list":{"0":"post-2930","1":"product","2":"type-product","3":"status-publish","4":"has-post-thumbnail","6":"product_cat-a-o-p-cote-de-provence-blanc-es","7":"product_cat-nuestros-vinos","9":"first","10":"instock","11":"taxable","12":"shipping-taxable","13":"purchasable","14":"product-type-simple"},"acf":[],"_links":{"self":[{"href":"https:\/\/www.chateau.demonpere.com\/es\/wp-json\/wp\/v2\/product\/2930","targetHints":{"allow":["GET"]}}],"collection":[{"href":"https:\/\/www.chateau.demonpere.com\/es\/wp-json\/wp\/v2\/product"}],"about":[{"href":"https:\/\/www.chateau.demonpere.com\/es\/wp-json\/wp\/v2\/types\/product"}],"replies":[{"embeddable":true,"href":"https:\/\/www.chateau.demonpere.com\/es\/wp-json\/wp\/v2\/comments?post=2930"}],"wp:featuredmedia":[{"embeddable":true,"href":"https:\/\/www.chateau.demonpere.com\/es\/wp-json\/wp\/v2\/media\/4928"}],"wp:attachment":[{"href":"https:\/\/www.chateau.demonpere.com\/es\/wp-json\/wp\/v2\/media?parent=2930"}],"wp:term":[{"taxonomy":"product_brand","embeddable":true,"href":"https:\/\/www.chateau.demonpere.com\/es\/wp-json\/wp\/v2\/product_brand?post=2930"},{"taxonomy":"product_cat","embeddable":true,"href":"https:\/\/www.chateau.demonpere.com\/es\/wp-json\/wp\/v2\/product_cat?post=2930"},{"taxonomy":"product_tag","embeddable":true,"href":"https:\/\/www.chateau.demonpere.com\/es\/wp-json\/wp\/v2\/product_tag?post=2930"},{"taxonomy":"product_label","embeddable":true,"href":"https:\/\/www.chateau.demonpere.com\/es\/wp-json\/wp\/v2\/product_label?post=2930"}],"curies":[{"name":"wp","href":"https:\/\/api.w.org\/{rel}","templated":true}]}}