{"id":2936,"date":"2025-05-15T15:52:13","date_gmt":"2025-05-15T13:52:13","guid":{"rendered":"https:\/\/www.chateau.demonpere.com\/?post_type=product&#038;p=2936"},"modified":"2026-03-13T14:44:02","modified_gmt":"2026-03-13T13:44:02","slug":"chateau-demonpere-blanco-son-a-o-p-cotes-de-provence-2024-copie-2","status":"publish","type":"product","link":"https:\/\/www.chateau.demonpere.com\/es\/producto\/chateau-demonpere-blanco-son-a-o-p-cotes-de-provence-2024-copie-2\/","title":{"rendered":"Ch\u00e2teau Demonp\u00e8re \u2013 Tinto Le Jour J \u2013 A.O.P. C\u00f4tes de Provence \u2013 2025"},"content":{"rendered":"<p>La Cuv\u00e9e SON tinto 2025 del Ch\u00e2teau Demonp\u00e8re es un vino que presenta un hermoso color rojo transl\u00facido y se abre con aromas de frutas rojas (cereza guinda).<\/p>\n<p>En boca es fresco, con taninos suaves. Un vino goloso, fresco y ligero.<\/p>\n<p>Un vino tinto que se apreciar\u00e1 igualmente con carnes, parrilladas, quesos, platos con salsa o postres de chocolate.<\/p>\n<p>Cubas de acero inoxidable.<\/p>\n<p>Vino procedente de agricultura ecol\u00f3gica certificada por Ecocert.<\/p>\n<p>100 % Terroir.<\/p>\n<p>Vino procedente de una explotaci\u00f3n agr\u00edcola con certificaci\u00f3n HVE del 30\/08\/2021:\u00a0alto valor medioambiental\u00a0(HVE)<\/p>\n<p><u>Variedades de uvas<\/u>: Cinsault (70 %), Syrah (30 %).<\/p>\n<p>12.5% de alcohol<\/p>\n","protected":false},"excerpt":{"rendered":"<p>La Cuv\u00e9e SON tinto 2025 del Ch\u00e2teau Demonp\u00e8re es un vino que presenta un hermoso color rojo transl\u00facido y se abre con aromas de frutas rojas (cereza guinda). En boca es fresco, con taninos suaves. Un vino goloso, fresco y ligero. Un vino tinto que se apreciar\u00e1 igualmente con carnes, parrilladas, quesos, platos con salsa [&hellip;]<\/p>\n","protected":false},"featured_media":4940,"comment_status":"open","ping_status":"closed","template":"","meta":{"_acf_changed":false,"_seopress_robots_primary_cat":"none","_seopress_titles_title":"","_seopress_titles_desc":"","_seopress_robots_index":"","inline_featured_image":false},"product_brand":[],"product_cat":[105,101],"product_tag":[],"product_label":[],"class_list":{"0":"post-2936","1":"product","2":"type-product","3":"status-publish","4":"has-post-thumbnail","6":"product_cat-a-o-p-cote-de-provence-rouge-es","7":"product_cat-nuestros-vinos","9":"first","10":"instock","11":"taxable","12":"shipping-taxable","13":"purchasable","14":"product-type-simple"},"acf":[],"_links":{"self":[{"href":"https:\/\/www.chateau.demonpere.com\/es\/wp-json\/wp\/v2\/product\/2936","targetHints":{"allow":["GET"]}}],"collection":[{"href":"https:\/\/www.chateau.demonpere.com\/es\/wp-json\/wp\/v2\/product"}],"about":[{"href":"https:\/\/www.chateau.demonpere.com\/es\/wp-json\/wp\/v2\/types\/product"}],"replies":[{"embeddable":true,"href":"https:\/\/www.chateau.demonpere.com\/es\/wp-json\/wp\/v2\/comments?post=2936"}],"wp:featuredmedia":[{"embeddable":true,"href":"https:\/\/www.chateau.demonpere.com\/es\/wp-json\/wp\/v2\/media\/4940"}],"wp:attachment":[{"href":"https:\/\/www.chateau.demonpere.com\/es\/wp-json\/wp\/v2\/media?parent=2936"}],"wp:term":[{"taxonomy":"product_brand","embeddable":true,"href":"https:\/\/www.chateau.demonpere.com\/es\/wp-json\/wp\/v2\/product_brand?post=2936"},{"taxonomy":"product_cat","embeddable":true,"href":"https:\/\/www.chateau.demonpere.com\/es\/wp-json\/wp\/v2\/product_cat?post=2936"},{"taxonomy":"product_tag","embeddable":true,"href":"https:\/\/www.chateau.demonpere.com\/es\/wp-json\/wp\/v2\/product_tag?post=2936"},{"taxonomy":"product_label","embeddable":true,"href":"https:\/\/www.chateau.demonpere.com\/es\/wp-json\/wp\/v2\/product_label?post=2936"}],"curies":[{"name":"wp","href":"https:\/\/api.w.org\/{rel}","templated":true}]}}