{"id":5023,"date":"2026-03-12T17:09:45","date_gmt":"2026-03-12T16:09:45","guid":{"rendered":"https:\/\/www.chateau.demonpere.com\/?post_type=product&#038;p=5023"},"modified":"2026-03-13T14:28:25","modified_gmt":"2026-03-13T13:28:25","slug":"chateau-demonpere-blanco-cuvee-prestige-a-o-p-cotes-de-provence-2024-copie","status":"publish","type":"product","link":"https:\/\/www.chateau.demonpere.com\/es\/producto\/chateau-demonpere-blanco-cuvee-prestige-a-o-p-cotes-de-provence-2024-copie\/","title":{"rendered":"Ch\u00e2teau Demonp\u00e8re \u2013 Blanco Cuv\u00e9e Prestige \u2013 A.O.P. C\u00f4tes de Provence \u2013 2025"},"content":{"rendered":"<p>El Cuv\u00e9e Prestige Blanco 2025 de Ch\u00e2teau Demonp\u00e8re presenta un color oro p\u00e1lido y ofrece una nariz elegante y muy expresiva: fruta (c\u00edtricos, albaricoque) y flores blancas.<\/p>\n<p>La delicadeza de la fruta se prolonga en una boca armoniosa que ofrece un frescor intenso.<\/p>\n<p>Este blanc de blancs combina a la perfecci\u00f3n con pescados a la parrilla, aperitivos nocturnos, quesos y fruta fresca.<\/p>\n<p>Vino procedente de la agricultura biol\u00f3gica certificada Ecocert.<\/p>\n<p>100 % de la tierra.<\/p>\n<p>Vino procedente de una explotaci\u00f3n agr\u00edcola certificada HVE el 30\/08\/2021: Alto Valor Medioambiental<\/p>\n<p>1er embotellado en el Ch\u00e2teau el 29 de enero de 2025<\/p>\n<p>Variedades: 100 % Rolle (Vermentino)<br \/>\n12.5 % Vol.<\/p>\n<p>Tap\u00f3n Tecnol\u00f3gico\u00a0Diam de corcho de Provenza.<br \/>\nBotella elegante, boca plana.<\/p>\n<p>Conservar protegido del calor \u2014 Consumir fr\u00edo<\/p>\n","protected":false},"excerpt":{"rendered":"<p>El Cuv\u00e9e Prestige Blanco 2025 de Ch\u00e2teau Demonp\u00e8re presenta un color oro p\u00e1lido y ofrece una nariz elegante y muy expresiva: fruta (c\u00edtricos, albaricoque) y flores blancas. La delicadeza de la fruta se prolonga en una boca armoniosa que ofrece un frescor intenso. Este blanc de blancs combina a la perfecci\u00f3n con pescados a la [&hellip;]<\/p>\n","protected":false},"featured_media":4898,"comment_status":"open","ping_status":"closed","template":"","meta":{"_acf_changed":false,"_seopress_robots_primary_cat":"none","_seopress_titles_title":"","_seopress_titles_desc":"","_seopress_robots_index":"","inline_featured_image":false},"product_brand":[],"product_cat":[103,101],"product_tag":[],"product_label":[],"class_list":{"0":"post-5023","1":"product","2":"type-product","3":"status-publish","4":"has-post-thumbnail","6":"product_cat-a-o-p-cote-de-provence-blanc-es","7":"product_cat-nuestros-vinos","9":"first","10":"instock","11":"taxable","12":"shipping-taxable","13":"purchasable","14":"product-type-variable"},"acf":[],"_links":{"self":[{"href":"https:\/\/www.chateau.demonpere.com\/es\/wp-json\/wp\/v2\/product\/5023","targetHints":{"allow":["GET"]}}],"collection":[{"href":"https:\/\/www.chateau.demonpere.com\/es\/wp-json\/wp\/v2\/product"}],"about":[{"href":"https:\/\/www.chateau.demonpere.com\/es\/wp-json\/wp\/v2\/types\/product"}],"replies":[{"embeddable":true,"href":"https:\/\/www.chateau.demonpere.com\/es\/wp-json\/wp\/v2\/comments?post=5023"}],"wp:featuredmedia":[{"embeddable":true,"href":"https:\/\/www.chateau.demonpere.com\/es\/wp-json\/wp\/v2\/media\/4898"}],"wp:attachment":[{"href":"https:\/\/www.chateau.demonpere.com\/es\/wp-json\/wp\/v2\/media?parent=5023"}],"wp:term":[{"taxonomy":"product_brand","embeddable":true,"href":"https:\/\/www.chateau.demonpere.com\/es\/wp-json\/wp\/v2\/product_brand?post=5023"},{"taxonomy":"product_cat","embeddable":true,"href":"https:\/\/www.chateau.demonpere.com\/es\/wp-json\/wp\/v2\/product_cat?post=5023"},{"taxonomy":"product_tag","embeddable":true,"href":"https:\/\/www.chateau.demonpere.com\/es\/wp-json\/wp\/v2\/product_tag?post=5023"},{"taxonomy":"product_label","embeddable":true,"href":"https:\/\/www.chateau.demonpere.com\/es\/wp-json\/wp\/v2\/product_label?post=5023"}],"curies":[{"name":"wp","href":"https:\/\/api.w.org\/{rel}","templated":true}]}}