{"id":5031,"date":"2026-03-12T17:32:01","date_gmt":"2026-03-12T16:32:01","guid":{"rendered":"https:\/\/www.chateau.demonpere.com\/?post_type=product&#038;p=5031"},"modified":"2026-03-13T14:25:58","modified_gmt":"2026-03-13T13:25:58","slug":"chateau-demonpere-rosado-notre-dame-des-anges-a-o-p-cotes-de-provence-2024-copie","status":"publish","type":"product","link":"https:\/\/www.chateau.demonpere.com\/es\/producto\/chateau-demonpere-rosado-notre-dame-des-anges-a-o-p-cotes-de-provence-2024-copie\/","title":{"rendered":"Ch\u00e2teau Demonp\u00e8re \u2013 Rosado Notre-Dame des Anges \u2013 A.O.P. C\u00f4tes de Provence \u2013 2025"},"content":{"rendered":"<p>Este rosado 2025 de Ch\u00e2teau Demonp\u00e8re presenta un bonito color rosa p\u00e1lido y ofrece una nariz muy expresiva y compleja: notas de rosa y de lichi, frutos rojos y especias se mezclan en un hermosa armon\u00eda.<br \/>\nLa boca es igual de seductora: sabor de la fruta durante el ataque y, despu\u00e9s, surgen unas notas especiadas. Buena persistencia, redonda y afrutada.<br \/>\nUn rosado delicioso con un buen equilibrio gastron\u00f3mico.<\/p>\n<p>Este rosado es ideal con muchos platos, desde el aperitivo hasta el postre:<br \/>\nCombinado con aceitunas, tostas de tapenade, tomates cherri, fougasses, platos ligeros y veraniegos, todo tipo de parrilladas, petits farcis provenzales, quesos frescos, postres a base de fruta estival&#8230; Este rosado es perfecto para todos los momentos compartidos alrededor de una gastronom\u00eda de calidad.<\/p>\n<p>Vino procedente de la agricultura biol\u00f3gica certificada Ecocert.<br \/>\n100 % de la tierra. Certificaci\u00f3n Equivalente al N.O.P. Ecocert.<br \/>\nVino procedente de una explotaci\u00f3n agr\u00edcola certificada HVE (Alto Valor Medioambiental el 30\/08\/2021.<\/p>\n<p>Embotellado en el Ch\u00e2teau el 29 de enero de 2025.<\/p>\n<p>Variedades: Grenache (55%), Cinsault (40%), Rolle (5%)<br \/>\n12.5 % Vol.<\/p>\n<p>Tap\u00f3n Tecnol\u00f3gico Diam de corcho de Provenza.<br \/>\nEtiqueta de papel \u00abCotone Bianco\u00bb, impresor tradicional franc\u00e9s.<\/p>\n<p>Conservar protegido del calor \u2014 Consumir fr\u00edo<\/p>\n<p>NB: Es posible que se forme un dep\u00f3sito de cristales de tartrato. Es algo normal y natural que no altera en modo alguno la calidad del vino<\/p>\n","protected":false},"excerpt":{"rendered":"<p>Este rosado 2025 de Ch\u00e2teau Demonp\u00e8re presenta un bonito color rosa p\u00e1lido y ofrece una nariz muy expresiva y compleja: notas de rosa y de lichi, frutos rojos y especias se mezclan en un hermosa armon\u00eda. La boca es igual de seductora: sabor de la fruta durante el ataque y, despu\u00e9s, surgen unas notas especiadas. [&hellip;]<\/p>\n","protected":false},"featured_media":4952,"comment_status":"open","ping_status":"closed","template":"","meta":{"_acf_changed":false,"_seopress_robots_primary_cat":"none","_seopress_titles_title":"","_seopress_titles_desc":"","_seopress_robots_index":"","inline_featured_image":false},"product_brand":[],"product_cat":[104,101],"product_tag":[],"product_label":[],"class_list":{"0":"post-5031","1":"product","2":"type-product","3":"status-publish","4":"has-post-thumbnail","6":"product_cat-a-o-p-cote-de-provence-rose-es","7":"product_cat-nuestros-vinos","9":"first","10":"instock","11":"taxable","12":"shipping-taxable","13":"purchasable","14":"product-type-simple"},"acf":[],"_links":{"self":[{"href":"https:\/\/www.chateau.demonpere.com\/es\/wp-json\/wp\/v2\/product\/5031","targetHints":{"allow":["GET"]}}],"collection":[{"href":"https:\/\/www.chateau.demonpere.com\/es\/wp-json\/wp\/v2\/product"}],"about":[{"href":"https:\/\/www.chateau.demonpere.com\/es\/wp-json\/wp\/v2\/types\/product"}],"replies":[{"embeddable":true,"href":"https:\/\/www.chateau.demonpere.com\/es\/wp-json\/wp\/v2\/comments?post=5031"}],"wp:featuredmedia":[{"embeddable":true,"href":"https:\/\/www.chateau.demonpere.com\/es\/wp-json\/wp\/v2\/media\/4952"}],"wp:attachment":[{"href":"https:\/\/www.chateau.demonpere.com\/es\/wp-json\/wp\/v2\/media?parent=5031"}],"wp:term":[{"taxonomy":"product_brand","embeddable":true,"href":"https:\/\/www.chateau.demonpere.com\/es\/wp-json\/wp\/v2\/product_brand?post=5031"},{"taxonomy":"product_cat","embeddable":true,"href":"https:\/\/www.chateau.demonpere.com\/es\/wp-json\/wp\/v2\/product_cat?post=5031"},{"taxonomy":"product_tag","embeddable":true,"href":"https:\/\/www.chateau.demonpere.com\/es\/wp-json\/wp\/v2\/product_tag?post=5031"},{"taxonomy":"product_label","embeddable":true,"href":"https:\/\/www.chateau.demonpere.com\/es\/wp-json\/wp\/v2\/product_label?post=5031"}],"curies":[{"name":"wp","href":"https:\/\/api.w.org\/{rel}","templated":true}]}}